{"id":90,"date":"2023-06-09T11:43:39","date_gmt":"2023-06-09T10:43:39","guid":{"rendered":"https:\/\/iicrabat.esteri.it\/?page_id=90"},"modified":"2026-02-16T18:35:22","modified_gmt":"2026-02-16T17:35:22","slug":"bandi-di-gara-e-contratti","status":"publish","type":"page","link":"https:\/\/iicrabat.esteri.it\/it\/amministrazione-trasparente\/bandi-di-gara-e-contratti\/","title":{"rendered":"Bandi di gara e contratti"},"content":{"rendered":"<p><strong>ANNO 2026<\/strong><\/p>\n<p><a href=\"https:\/\/iicrabat.esteri.it\/wp-content\/uploads\/2026\/02\/2026-MANIFESTAZIONE-DI-INTERESSE-PER-LOCAZIONEfirmato.pdf\">Avviso finalizzato all\u2019acquisizione di manifestazione di interesse per locazione passiva di immobile da adibire a nuova sede dell\u2019Istituto Italiano di Cultura di Rabat<\/a><\/p>\n<p><a href=\"https:\/\/iicrabat.esteri.it\/wp-content\/uploads\/2026\/02\/2026-APPEL-DOFFRE-LOCATION-INSTITUT-CULTUREL-ITALIEN-DE-RABATfirmato.pdf\"><span lang=\"FR\">APPEL \u00c0 MANIFESTATION D\u2019INT\u00c9R\u00caT POUR PARTICIPER \u00c0 L\u2019ATTRIBUTION DE SERVICE DE LOCATION D\u2019UN LOCAL \u00c0 USAGE INSTITUTIONNEL DE BUREAUX POUR LE NOUVEAU SI\u00c8GE DE\u00a0<em>L&#8217;INSTITUT CULTUREL ITALIEN<\/em> \u00c0 RABAT<\/span><\/a><\/p>\n<p>&nbsp;<\/p>\n<p><strong>ANNO 2025<\/strong><\/p>\n<p>Data di pubblicazione <strong>26\/05\/2025<\/strong><\/p>\n<p><a href=\"https:\/\/iicrabat.esteri.it\/it\/news\/dall_istituto\/2025\/05\/avviso-pubblico-di-sponsorizzazione-per-arredamento-locali-immobile-nuova-sede-dellistituto-italiano-di-cultura-di-rabat\/\">AVVISO PUBBLICO DI SPONSORIZZAZIONE PER ARREDAMENTO LOCALI IMMOBILE NUOVA SEDE DELL&#8217;ISTITUTO ITALIANO DI CULTURA DI RABAT<\/a><\/p>\n<p>La versione pdf \u00e8 reperibile tramilte il seguente <a href=\"https:\/\/iicrabat.esteri.it\/it\/news\/dall_istituto\/2025\/05\/avviso-pubblico-di-sponsorizzazione-per-arredamento-locali-immobile-nuova-sede-dellistituto-italiano-di-cultura-di-rabat\/\">link.<\/a><\/p>\n<p><a href=\"https:\/\/iicrabat.esteri.it\/fr\/news\/dall_istituto\/2025\/05\/avis-public-de-sponsoring-pour-lameublement-des-locaux-du-nouveau-siege-de-linstitut-culturel-italien-de-rabat\/\">AVIS PUBLIC DE SPONSORING POUR L&#8217;AMEUBLEMENT DES LOCAUX DU NOUVEAU SI\u00c8GE DE L&#8217;INSTITUT CULTUREL ITALIEN DE RABAT<\/a><\/p>\n<p>Pour des informations, <a href=\"https:\/\/iicrabat.esteri.it\/fr\/news\/dall_istituto\/2025\/05\/avis-public-de-sponsoring-pour-lameublement-des-locaux-du-nouveau-siege-de-linstitut-culturel-italien-de-rabat\/\">t\u00e9l\u00e9chargez la manifestation d&#8217;int\u00e9r\u00eat.<\/a><\/p>\n<p>&nbsp;<\/p>\n<p><strong>ANNO 2023\u00a0<\/strong><\/p>\n<p>Data di pubblicazione <strong>26\/10\/2023<\/strong><\/p>\n<p><a class=\"focus--mouse\" href=\"https:\/\/iicrabat.esteri.it\/wp-content\/uploads\/2023\/10\/MANIFESTAZIONE-DINTERESSE-IIC-FRANCESE-E-ITALIANOfirmato.pdf\" data-focus-mouse=\"true\">AVVISO FINALIZZATO ALL\u2019ACQUISIZIONE DI MANIFESTAZIONE DI INTERESSE PER LA LOCAZIONE DI UN<\/a><br \/>\n<a href=\"https:\/\/iicrabat.esteri.it\/wp-content\/uploads\/2023\/10\/MANIFESTAZIONE-DINTERESSE-IIC-FRANCESE-E-ITALIANOfirmato.pdf\">IMMOBILE AD USO UFFICIO PER FINI ISTITUZIONALI DA ADIBIRE A NUOVA SEDE DELL\u2019ISTITUTO ITALIANO<\/a><br \/>\n<a href=\"https:\/\/iicrabat.esteri.it\/wp-content\/uploads\/2023\/10\/MANIFESTAZIONE-DINTERESSE-IIC-FRANCESE-E-ITALIANOfirmato.pdf\">DI CULTURA A RABAT<\/a><\/p>\n<p>La versione pdf dell\u2019avviso \u00e8 reperibile tramite il seguente\u00a0<a href=\"https:\/\/iicrabat.esteri.it\/wp-content\/uploads\/2023\/10\/MANIFESTAZIONE-DINTERESSE-IIC-FRANCESE-E-ITALIANOfirmato.pdf\">link<\/a>.<\/p>\n<p><strong><a href=\"https:\/\/iicrabat.esteri.it\/wp-content\/uploads\/2023\/10\/MANIFESTAZIONE-DINTERESSE-IIC-FRANCESE-E-ITALIANOfirmato.pdf\">APPEL \u00c0 MANIFESTATION D\u2019INTE<\/a><a href=\"https:\/\/iicrabat.esteri.it\/wp-content\/uploads\/2023\/10\/MANIFESTAZIONE-DINTERESSE-IIC-FRANCESE-E-ITALIANOfirmato.pdf\">R\u00caT POUR PARTICIPER \u00c0 L\u2019ATTRIBUTION DE SERVICE DE LOCATION D\u2019UN\u00a0<\/a><a class=\"focus--mouse\" href=\"https:\/\/iicrabat.esteri.it\/wp-content\/uploads\/2023\/10\/MANIFESTAZIONE-DINTERESSE-IIC-FRANCESE-E-ITALIANOfirmato.pdf\" data-focus-mouse=\"true\">LOCAL \u00c0 USAGE INSTITUTIONNEL DE BUREAUX POUR LE NOUVEAU SI\u00c8GE DE L\u2019INSTITUT CULTUREL\u00a0<\/a><a href=\"https:\/\/iicrabat.esteri.it\/wp-content\/uploads\/2023\/10\/MANIFESTAZIONE-DINTERESSE-IIC-FRANCESE-E-ITALIANOfirmato.pdf\">ITALIEN DE\u00a0 RABAT,<\/a><\/strong><\/p>\n<p>Pour des informations,\u00a0<a href=\"https:\/\/iicrabat.esteri.it\/wp-content\/uploads\/2023\/10\/MANIFESTAZIONE-DINTERESSE-IIC-FRANCESE-E-ITALIANOfirmato.pdf\">t\u00e9l\u00e9chargez la manifestation d\u2019int\u00e9r\u00eat.<\/a><\/p>\n<p>&nbsp;<\/p>\n","protected":false},"excerpt":{"rendered":"ANNO 2026 Avviso finalizzato all\u2019acquisizione di manifestazione di interesse per locazione passiva di immobile da adibire a nuova sede dell\u2019Istituto Italiano di Cultura di Rabat APPEL \u00c0 MANIFESTATION D\u2019INT\u00c9R\u00caT POUR PARTICIPER \u00c0 L\u2019ATTRIBUTION DE SERVICE DE LOCATION D\u2019UN LOCAL \u00c0 USAGE INSTITUTIONNEL DE BUREAUX POUR LE NOUVEAU SI\u00c8GE DE\u00a0L&#8217;INSTITUT CULTUREL ITALIEN \u00c0 RABAT &nbsp; ANNO [&hellip;]","protected":false},"author":2,"featured_media":0,"parent":23,"menu_order":8,"comment_status":"closed","ping_status":"closed","template":"","meta":{"footnotes":""},"class_list":["post-90","page","type-page","status-publish","hentry"],"_links":{"self":[{"href":"https:\/\/iicrabat.esteri.it\/it\/wp-json\/wp\/v2\/pages\/90","targetHints":{"allow":["GET"]}}],"collection":[{"href":"https:\/\/iicrabat.esteri.it\/it\/wp-json\/wp\/v2\/pages"}],"about":[{"href":"https:\/\/iicrabat.esteri.it\/it\/wp-json\/wp\/v2\/types\/page"}],"author":[{"embeddable":true,"href":"https:\/\/iicrabat.esteri.it\/it\/wp-json\/wp\/v2\/users\/2"}],"replies":[{"embeddable":true,"href":"https:\/\/iicrabat.esteri.it\/it\/wp-json\/wp\/v2\/comments?post=90"}],"version-history":[{"count":6,"href":"https:\/\/iicrabat.esteri.it\/it\/wp-json\/wp\/v2\/pages\/90\/revisions"}],"predecessor-version":[{"id":7471,"href":"https:\/\/iicrabat.esteri.it\/it\/wp-json\/wp\/v2\/pages\/90\/revisions\/7471"}],"up":[{"embeddable":true,"href":"https:\/\/iicrabat.esteri.it\/it\/wp-json\/wp\/v2\/pages\/23"}],"wp:attachment":[{"href":"https:\/\/iicrabat.esteri.it\/it\/wp-json\/wp\/v2\/media?parent=90"}],"curies":[{"name":"wp","href":"https:\/\/api.w.org\/{rel}","templated":true}]}}