{"id":278,"date":"2023-09-13T13:08:29","date_gmt":"2023-09-13T12:08:29","guid":{"rendered":"https:\/\/iicrabat.esteri.it\/?page_id=278"},"modified":"2023-09-14T12:13:08","modified_gmt":"2023-09-14T11:13:08","slug":"opportunita","status":"publish","type":"page","link":"https:\/\/iicrabat.esteri.it\/it\/news\/dall_istituto\/opportunita\/","title":{"rendered":"Opportunit\u00e0"},"content":{"rendered":"<p><strong>Invito a manifestare interesse a partecipare alla procedura per l&#8217;affidamento del servizio di fornitura di ore di docenza interinale per i corsi di lingua italiana presso l&#8217;Istituto Italiano di Cultura di Rabat<\/strong><\/p>\n<p>AI SENSI DELL\u2019ART. 36, D.LGS. 50\/2016 COME MODIFICATO DAL D.LGS. 56\/2017<\/p>\n<p>1) Stazione appaltante:<\/p>\n<p>Istituto Italiano di Cultura &#8211; Rabat<\/p>\n<p>2 bis, av. Ahmed El Yazidi (ex-Mekn\u00e8s) Hassan BP 111- 10.000 Rabat<\/p>\n<p>T\u00e9l. : +212-(0)537-766826\/47 -Fax: +212-(0)537-766856<\/p>\n<p>PEC: iic.rabat@cert.esteri.it<\/p>\n<p>2) Destinatario:<\/p>\n<p>Societ\u00e0 fornitrici di lavoro interinale, in regola con la normativa marocchina in materia di lavoro temporaneo.<\/p>\n<p>3) Oggetto:<\/p>\n<p>Messa a disposizione di personale docente qualificato per ore di lavoro interinale per prestazione professionale d\u2019insegnamento della lingua italiana presso l\u2019Istituto Italiano di Cultura di Rabat. I docenti selezionati dovranno essere in possesso di laurea in lingua e cultura italiana ed equipollenti, di diploma di specializzazione riconosciuto per l&#8217;insegnamento dell&#8217;italiano come lingua straniera (DITALS, DILS-PG, CEDILS) e\/o del CAPES &#8211; Certificato di attitudine per l&#8217;insegnante di secondo grado &#8211; e di adeguate competenze pedagogiche e comprovata esperienza professionale, nonch\u00e9 di regolare permesso di lavoro nel Regno del Marocco.<\/p>\n<p>I corsi di lingua proposti dall&#8217;Istituto Italiano di Cultura di Rabat sono strutturati su 3 livelli principali suddivisi in sei moduli: Elementare A (A1 e A2), Intermedio B (B1 e B2), Avanzato C (C1 e C2) in base al Quadro Comune di Riferimento per la conoscenza delle lingue (QCER) stabilito dal Consiglio d\u2019Europa.<\/p>\n<p>L&#8217;operatore economico aggiudicatario del servizio dovr\u00e0 essere in regola con la normativa italiana e marocchina ed in particolare con le norme locali in materia di lavoro temporaneo e sar\u00e0 titolare esclusivo del rapporto di lavoro con gli interessati, nonch\u00e9 di tutti gli obblighi retributivi, assicurativi, previdenziali ed assistenziali concernenti le ore di lavoro prestato, ai sensi della legge marocchina.<\/p>\n<p>4) Importo e durata dell\u2019Appalto:<\/p>\n<p>Il contratto ha durata annuale in corrispondenza dell&#8217;anno scolastico 2023\/2024, con decorrenza dal 1\u00b0\/10\/2023 (primo ottobre duemila venti tre) e termine al 31\/08\/2024 (trentuno agosto duemila venti quattro).<\/p>\n<p>Il valore complessivo della fornitura non \u00e8 determinato, in quanto il numero di ore di docenza richieste pu\u00f2 variare nel corso dell&#8217;anno in base all\u2019andamento delle iscrizioni e della conseguente formazione di classi. Il valore lordo di riferimento desumibile dalla media dei due anni precedenti \u00e8 di circa Euro 78.500, ma esso non costituisce in alcun modo il valore della fornitura in oggetto.<\/p>\n<p>Gli operatori economici interessati dovranno, pertanto, presentare un&#8217;offerta di tariffe orarie comprensive di tutti gli oneri previdenziali ed assistenziali del personale interinale che saranno integralmente a loro carico.<\/p>\n<p>5) Procedura di scelta del contraente:<\/p>\n<p>Procedura negoziata ai sensi dell&#8217;art. 36, d.lgs. n. 50\/2016.<\/p>\n<p>6) Soggetti ammessi:<\/p>\n<p>Sono ammessi a partecipare alla procedura operatori economici, in regola con le vigenti disposizioni normative marocchine ed italiane, in particolare con le norme in materia di lavoro interinale, nonch\u00e9 con tutte le previsioni di legge in materia di sicurezza e trasparenza e con particolare riferimento all&#8217;art. 45, d.lgs. n. 50\/2016, in possesso dei requisiti di ordine generale di cui all&#8217;art. 80, d.lgs. n. 50\/2016 come modificato dal D.Lgs. n. 19 aprile 2017 n. 56.<\/p>\n<p>7) Modalit\u00e0 di presentazione delle manifestazioni di interesse<\/p>\n<p>Gli operatori economici possono presentare la manifestazione di interesse tramite comunicazione cartacea o elettronica agli indirizzi predetti, allegando copia del documento di identit\u00e0 del sottoscrittore.<\/p>\n<p>La manifestazione di interesse dovr\u00e0 essere resa sotto forma di dichiarazione sull\u2019onore relativamente al possesso dei requisiti di partecipazione di cui al punto precedente.<\/p>\n<p>8) Termine di presentazione dell\u2019istanza:<\/p>\n<p>Le manifestazioni d\u2019interesse dovranno pervenire\u00a0<strong>entro le ore 12:00 (dodici) del 22\/09\/2023 (venti due settembre due mila venti tre)<\/strong>.<\/p>\n<p>9) Criterio di aggiudicazione:<\/p>\n<p>Offerta con il prezzo pi\u00f9 basso a parit\u00e0 di qualit\u00e0 dei docenti selezionati, le cui competenze professionali, di cui all&#8217;oggetto di questo invito, dovranno essere valutate ad insindacabile giudizio dell&#8217;Istituto Italiano di Cultura di Rabat.<\/p>\n<p>10) Altre informazioni<\/p>\n<p>Il presente annuncio costituisce esclusivamente un invito a manifestare interesse e non un\u2019offerta al pubblico ex art. 1336 cod. civ., n\u00e9 comporta per l\u2019Istituto Italiano di Cultura di Rabat alcun obbligo nei confronti dei soggetti interessati.<\/p>\n<p>L\u2019Istituto Italiano di Cultura di Rabat si riserva ogni decisione in merito alla procedura, inclusa quella di modificarne i termini, le modalit\u00e0 ed i contenuti, di sospenderla o interromperla, qualunque sia il grado di avanzamento della stessa, senza che gli interessati possano avanzare nei confronti della stessa alcuna pretesa a titolo risarcitorio o di indennizzo. Per ogni chiarimento ed informazione, gli interessati dovranno rivolgersi per iscritto a mezzo posta elettronica all\u2019indirizzo PEC: iic.rabat@cert.esteri.it<\/p>\n<p>RABAT,\u00a0<strong>05\/09\/2023 (cinque settembre duemila venti tre)<\/strong><\/p>\n<p><a href=\"http:\/\/iicrabat.esteri.it\/IIC_Rabat\/resource\/doc\/2023\/09\/avviso_invito_a_manifestare_interesse_-docenza_2023-2024.pdf\"><strong>LINK<\/strong><\/a><\/p>\n<p>&nbsp;<\/p>\n","protected":false},"excerpt":{"rendered":"Invito a manifestare interesse a partecipare alla procedura per l&#8217;affidamento del servizio di fornitura di ore di docenza interinale per i corsi di lingua italiana presso l&#8217;Istituto Italiano di Cultura di Rabat AI SENSI DELL\u2019ART. 36, D.LGS. 50\/2016 COME MODIFICATO DAL D.LGS. 56\/2017 1) Stazione appaltante: Istituto Italiano di Cultura &#8211; Rabat 2 bis, av. [&hellip;]","protected":false},"author":5,"featured_media":0,"parent":25,"menu_order":0,"comment_status":"closed","ping_status":"closed","template":"","meta":{"footnotes":""},"class_list":["post-278","page","type-page","status-publish","hentry"],"_links":{"self":[{"href":"https:\/\/iicrabat.esteri.it\/it\/wp-json\/wp\/v2\/pages\/278","targetHints":{"allow":["GET"]}}],"collection":[{"href":"https:\/\/iicrabat.esteri.it\/it\/wp-json\/wp\/v2\/pages"}],"about":[{"href":"https:\/\/iicrabat.esteri.it\/it\/wp-json\/wp\/v2\/types\/page"}],"author":[{"embeddable":true,"href":"https:\/\/iicrabat.esteri.it\/it\/wp-json\/wp\/v2\/users\/5"}],"replies":[{"embeddable":true,"href":"https:\/\/iicrabat.esteri.it\/it\/wp-json\/wp\/v2\/comments?post=278"}],"version-history":[{"count":5,"href":"https:\/\/iicrabat.esteri.it\/it\/wp-json\/wp\/v2\/pages\/278\/revisions"}],"predecessor-version":[{"id":369,"href":"https:\/\/iicrabat.esteri.it\/it\/wp-json\/wp\/v2\/pages\/278\/revisions\/369"}],"up":[{"embeddable":true,"href":"https:\/\/iicrabat.esteri.it\/it\/wp-json\/wp\/v2\/pages\/25"}],"wp:attachment":[{"href":"https:\/\/iicrabat.esteri.it\/it\/wp-json\/wp\/v2\/media?parent=278"}],"curies":[{"name":"wp","href":"https:\/\/api.w.org\/{rel}","templated":true}]}}