{"id":183,"date":"2023-09-12T12:56:33","date_gmt":"2023-09-12T11:56:33","guid":{"rendered":"https:\/\/iicrabat.esteri.it\/?page_id=183"},"modified":"2023-09-12T13:03:16","modified_gmt":"2023-09-12T12:03:16","slug":"area-di-competenza","status":"publish","type":"page","link":"https:\/\/iicrabat.esteri.it\/it\/chi-siamo\/la-sede\/area-di-competenza\/","title":{"rendered":"Area di competenza"},"content":{"rendered":"<p>L\u2019area di competenza dell\u2019<strong>Istituto Italiano di Cultura\u00a0di Rabat<\/strong> comprende tutte le regioni del Regno del Marocco:<\/p>\n<p>&nbsp;<\/p>\n<p>Rabat-Sal\u00e9-Kenitra<\/p>\n<p>B\u00e9ni Mellal-Kh\u00e9nifra<\/p>\n<p>Casablanca-Settat<\/p>\n<p>Dakhla-Oued Ed Dahab<\/p>\n<p>Dr\u00e2a-Tafilalet<\/p>\n<p>F\u00e8s-Mekn\u00e8s<\/p>\n<p>Guelmim-Oued Noun<\/p>\n<p>La\u00e2youne-Sakia El Hamra<\/p>\n<p>Marrakech-Safi<\/p>\n<p>Regione Orientale<\/p>\n<p>Souss-Massa<\/p>\n<p>Tangeri-Tetouan-Al Hoceima<\/p>\n","protected":false},"excerpt":{"rendered":"L\u2019area di competenza dell\u2019Istituto Italiano di Cultura\u00a0di Rabat comprende tutte le regioni del Regno del Marocco: &nbsp; Rabat-Sal\u00e9-Kenitra B\u00e9ni Mellal-Kh\u00e9nifra Casablanca-Settat Dakhla-Oued Ed Dahab Dr\u00e2a-Tafilalet F\u00e8s-Mekn\u00e8s Guelmim-Oued Noun La\u00e2youne-Sakia El Hamra Marrakech-Safi Regione Orientale Souss-Massa Tangeri-Tetouan-Al Hoceima","protected":false},"author":5,"featured_media":0,"parent":40,"menu_order":0,"comment_status":"closed","ping_status":"closed","template":"","meta":{"footnotes":""},"class_list":["post-183","page","type-page","status-publish","hentry"],"_links":{"self":[{"href":"https:\/\/iicrabat.esteri.it\/it\/wp-json\/wp\/v2\/pages\/183","targetHints":{"allow":["GET"]}}],"collection":[{"href":"https:\/\/iicrabat.esteri.it\/it\/wp-json\/wp\/v2\/pages"}],"about":[{"href":"https:\/\/iicrabat.esteri.it\/it\/wp-json\/wp\/v2\/types\/page"}],"author":[{"embeddable":true,"href":"https:\/\/iicrabat.esteri.it\/it\/wp-json\/wp\/v2\/users\/5"}],"replies":[{"embeddable":true,"href":"https:\/\/iicrabat.esteri.it\/it\/wp-json\/wp\/v2\/comments?post=183"}],"version-history":[{"count":1,"href":"https:\/\/iicrabat.esteri.it\/it\/wp-json\/wp\/v2\/pages\/183\/revisions"}],"predecessor-version":[{"id":212,"href":"https:\/\/iicrabat.esteri.it\/it\/wp-json\/wp\/v2\/pages\/183\/revisions\/212"}],"up":[{"embeddable":true,"href":"https:\/\/iicrabat.esteri.it\/it\/wp-json\/wp\/v2\/pages\/40"}],"wp:attachment":[{"href":"https:\/\/iicrabat.esteri.it\/it\/wp-json\/wp\/v2\/media?parent=183"}],"curies":[{"name":"wp","href":"https:\/\/api.w.org\/{rel}","templated":true}]}}