{"id":416,"date":"2023-09-15T10:49:16","date_gmt":"2023-09-15T09:49:16","guid":{"rendered":"https:\/\/iicrabat.esteri.it\/?page_id=416"},"modified":"2025-12-22T12:45:05","modified_gmt":"2025-12-22T11:45:05","slug":"conversation-cours-thematiques","status":"publish","type":"page","link":"https:\/\/iicrabat.esteri.it\/fr\/lingua-e-cultura\/i-corsi-di-lingua\/calendrier\/conversation-cours-thematiques\/","title":{"rendered":"Conversation, cours th\u00e9matiques"},"content":{"rendered":"<p><strong>Conversation<\/strong><\/p>\n<p>Un cours de conversation autour d&rsquo;une tasse de th\u00e9, avec diff\u00e9rents intervenants (A la demande, pour un groupe entre 10 et 15 personnes).<\/p>\n<p>Renseignements g\u00e9n\u00e9raux<\/p>\n<p>Dur\u00e9e des cours : deux heures une fois par semaine selon l&rsquo;horaire pendant 18 semaines.<\/p>\n<p>Tarif d&rsquo;inscription au cours: 2000 dhs<br \/>\nModalit\u00e9s de paiement: versement bancaire.<\/p>\n<p>Programme et enseignants,<br \/>\nLes enseignants sont des professeurs d&rsquo;italien de langue maternelle<\/p>\n<p><strong>Objectifs<\/strong>: Cours destin\u00e9 \u00e0 ceux qui voudraient rendre plus solide leur connaissance \u00e0 l&rsquo;orale, et pour ceux qui voudraient exercer l&rsquo;italien tout en gardant le contact avec l&rsquo;actualit\u00e9 d&rsquo;Italie.<\/p>\n<p><strong>Aspects grammaticaux<\/strong>:\u00a0la grammaire n&rsquo;\u00e9tant pas au programme, les structures ne seront reprises qu&rsquo;en cas des fautes r\u00e9p\u00e9t\u00e9es.<\/p>\n","protected":false},"excerpt":{"rendered":"Conversation Un cours de conversation autour d&rsquo;une tasse de th\u00e9, avec diff\u00e9rents intervenants (A la demande, pour un groupe entre 10 et 15 personnes). Renseignements g\u00e9n\u00e9raux Dur\u00e9e des cours : deux heures une fois par semaine selon l&rsquo;horaire pendant 18 semaines. Tarif d&rsquo;inscription au cours: 2000 dhs Modalit\u00e9s de paiement: versement bancaire. Programme et enseignants, [&hellip;]","protected":false},"author":5,"featured_media":0,"parent":336,"menu_order":7,"comment_status":"closed","ping_status":"closed","template":"","meta":{"footnotes":""},"class_list":["post-416","page","type-page","status-publish","hentry"],"_links":{"self":[{"href":"https:\/\/iicrabat.esteri.it\/fr\/wp-json\/wp\/v2\/pages\/416","targetHints":{"allow":["GET"]}}],"collection":[{"href":"https:\/\/iicrabat.esteri.it\/fr\/wp-json\/wp\/v2\/pages"}],"about":[{"href":"https:\/\/iicrabat.esteri.it\/fr\/wp-json\/wp\/v2\/types\/page"}],"author":[{"embeddable":true,"href":"https:\/\/iicrabat.esteri.it\/fr\/wp-json\/wp\/v2\/users\/5"}],"replies":[{"embeddable":true,"href":"https:\/\/iicrabat.esteri.it\/fr\/wp-json\/wp\/v2\/comments?post=416"}],"version-history":[{"count":2,"href":"https:\/\/iicrabat.esteri.it\/fr\/wp-json\/wp\/v2\/pages\/416\/revisions"}],"predecessor-version":[{"id":7139,"href":"https:\/\/iicrabat.esteri.it\/fr\/wp-json\/wp\/v2\/pages\/416\/revisions\/7139"}],"up":[{"embeddable":true,"href":"https:\/\/iicrabat.esteri.it\/fr\/wp-json\/wp\/v2\/pages\/336"}],"wp:attachment":[{"href":"https:\/\/iicrabat.esteri.it\/fr\/wp-json\/wp\/v2\/media?parent=416"}],"curies":[{"name":"wp","href":"https:\/\/api.w.org\/{rel}","templated":true}]}}