{"id":408,"date":"2023-09-12T14:00:29","date_gmt":"2023-09-12T13:00:29","guid":{"rendered":"https:\/\/iicrabat.esteri.it\/?page_id=408"},"modified":"2023-09-14T17:26:47","modified_gmt":"2023-09-14T16:26:47","slug":"niveau-c2","status":"publish","type":"page","link":"https:\/\/iicrabat.esteri.it\/fr\/lingua-e-cultura\/i-corsi-di-lingua\/calendrier\/niveau-c2\/","title":{"rendered":"Niveau C2"},"content":{"rendered":"<p><strong><span class=\"titoloRosso\">SESSIONS COURS NORMAUX:<\/span><\/strong><\/p>\n<p>Pour le niveau Avanc\u00e9 C2-Normal, 72h-90h environ au total, s&rsquo;effectue au troisi\u00e8me ann\u00e9e scolaire cons\u00e9cutive, selon le m\u00eame rythme de la structure des sessions des niveau A1, A2, B1, B2 e C1.<\/p>\n<p>Jours:<\/p>\n<p><b>Du Lundi au Jeudi: 8<strong>h00-10h15<\/strong>; 10h15-12h30;\u00a0<strong>12h30-14h45<\/strong>; 14h45-17h &amp;\u00a0<strong>17h-19h15 &amp; 19h15 \u2013 21:30<br \/>\nVendredi et Samedi: 8h \u00e0 12:30 \/\/ 14:30 \u00e0 19:00<\/strong><\/b><\/p>\n<p>Modalit\u00e9s de paiement: Pour \u00e9viter la propagation du Coronavirus, exlusivement par versement bancaire.<\/p>\n<p>Manuels et mat\u00e9riel didactique<\/p>\n<p>Manuel: Manuel: Rete!3 (Libro dello studente) de Guerra Editore, Perugia<br \/>\nCo\u00fbt du manuel environ: 200 dhs<\/p>\n<p><strong>Programme<\/strong><\/p>\n<p><strong>Description du cours<\/strong>: reconna\u00eetre les diff\u00e9rents registres linguistiques et savoir les utiliser, interpr\u00e9ter le discours de son interlocuteur, s\u00e9lectionner les \u00e9l\u00e9ments \u00e0 rapporter, int\u00e9grer dans son discours les \u00e9l\u00e9ments s\u00e9lectionn\u00e9s, r\u00e9sumer le discours, raconter \u00e0 l\u2019oral et \u00e0 l\u2019\u00e9crit, marquer son attention au discours, faire des hypoth\u00e8ses irr\u00e9elles.<\/p>\n<p><strong>Objectifs<\/strong>: comprendre sans difficult\u00e9 des textes complexes sur des sujets abstraits et techniques. Converser avec aisance avec des locuteurs natifs dans un groupe et exprimer des avis structur\u00e9s sur une vaste gamme de sujets concrets et abstraits.<\/p>\n<p><strong>Aspects grammaticaux<\/strong>: \u00e9l\u00e9ments du discours indirect (temps verbaux, pronoms, marqueurs du temps, de l\u2019espace et de l\u2019attention), forme passive, emploi du conditionnel pr\u00e9sent et pass\u00e9, subjonctif pass\u00e9, phrase hypoth\u00e9tique irr\u00e9elle, pass\u00e9 simple \u00e0 l\u2019oral, pr\u00e9fixes n\u00e9gatifs (in-, s-, dis-), pronoms relatifs (il quale, la quale&#8230;.), opposition pass\u00e9 compos\u00e9\/pass\u00e9 simple.<\/p>\n<p>Correspondance avec le Cadre europ\u00e9en commun de r\u00e9f\u00e9rence pour les langues C2<\/p>\n<p>Examen final<br \/>\nAttestation finale du niveau C2<\/p>\n","protected":false},"excerpt":{"rendered":"SESSIONS COURS NORMAUX: Pour le niveau Avanc\u00e9 C2-Normal, 72h-90h environ au total, s&rsquo;effectue au troisi\u00e8me ann\u00e9e scolaire cons\u00e9cutive, selon le m\u00eame rythme de la structure des sessions des niveau A1, A2, B1, B2 e C1. Jours: Du Lundi au Jeudi: 8h00-10h15; 10h15-12h30;\u00a012h30-14h45; 14h45-17h &amp;\u00a017h-19h15 &amp; 19h15 \u2013 21:30 Vendredi et Samedi: 8h \u00e0 12:30 \/\/ [&hellip;]","protected":false},"author":5,"featured_media":0,"parent":336,"menu_order":6,"comment_status":"closed","ping_status":"closed","template":"","meta":{"footnotes":""},"class_list":["post-408","page","type-page","status-publish","hentry"],"_links":{"self":[{"href":"https:\/\/iicrabat.esteri.it\/fr\/wp-json\/wp\/v2\/pages\/408","targetHints":{"allow":["GET"]}}],"collection":[{"href":"https:\/\/iicrabat.esteri.it\/fr\/wp-json\/wp\/v2\/pages"}],"about":[{"href":"https:\/\/iicrabat.esteri.it\/fr\/wp-json\/wp\/v2\/types\/page"}],"author":[{"embeddable":true,"href":"https:\/\/iicrabat.esteri.it\/fr\/wp-json\/wp\/v2\/users\/5"}],"replies":[{"embeddable":true,"href":"https:\/\/iicrabat.esteri.it\/fr\/wp-json\/wp\/v2\/comments?post=408"}],"version-history":[{"count":1,"href":"https:\/\/iicrabat.esteri.it\/fr\/wp-json\/wp\/v2\/pages\/408\/revisions"}],"predecessor-version":[{"id":409,"href":"https:\/\/iicrabat.esteri.it\/fr\/wp-json\/wp\/v2\/pages\/408\/revisions\/409"}],"up":[{"embeddable":true,"href":"https:\/\/iicrabat.esteri.it\/fr\/wp-json\/wp\/v2\/pages\/336"}],"wp:attachment":[{"href":"https:\/\/iicrabat.esteri.it\/fr\/wp-json\/wp\/v2\/media?parent=408"}],"curies":[{"name":"wp","href":"https:\/\/api.w.org\/{rel}","templated":true}]}}