{"id":406,"date":"2023-09-12T13:57:33","date_gmt":"2023-09-12T12:57:33","guid":{"rendered":"https:\/\/iicrabat.esteri.it\/?page_id=406"},"modified":"2023-09-14T17:23:09","modified_gmt":"2023-09-14T16:23:09","slug":"niveau-b2","status":"publish","type":"page","link":"https:\/\/iicrabat.esteri.it\/fr\/lingua-e-cultura\/i-corsi-di-lingua\/calendrier\/niveau-b2\/","title":{"rendered":"Niveau B2"},"content":{"rendered":"<p>SESSIONS COURS NORMAUX:<\/p>\n<p>Pour le niveau B2-Normal, 72h -90h environ au total, s&rsquo;effectue au deuxi\u00e8me ann\u00e9e scolaire cons\u00e9cutive, selon le m\u00eame rythme de la structure des sessions des niveaux A1, A2 et B1.<\/p>\n<p>Renseignements g\u00e9n\u00e9raux:<br \/>\nJours: <b>Du Lundi au Jeudi 8<strong>h00-10h15<\/strong>; 10h15-12h30; <strong>12h30-14h45<\/strong>; 14h45-17h &amp; <strong>17h-19h15 &amp; 19h15 &#8211; 21:30<br \/>\nVendredi et Samedi: 8h \u00e0 12:30 \/\/ 14:30 \u00e0 19:00<\/strong><\/b><\/p>\n<p>Manuels et mat\u00e9riel didactique<\/p>\n<p>Manuel: NUOVO RETE B2 de Guerra Editore, Perugia<br \/>\nCo\u00fbt du mat\u00e9riel didactique environ: 200 dhs<\/p>\n<p><strong>Programme<\/strong><\/p>\n<p><strong>Description du cours<\/strong>: d\u00e9velopper les relations interpersonnelles dans un groupe, donner son opinion, raconter des exp\u00e9riences personnelles ou des \u00e9v\u00e9nements, exprimer un avis, se f\u00e9liciter, exprimer ses v\u0153ux, donner des conseils, parler de sensations et d\u2019\u00e9tats d\u2019\u00e2me, comprendre de simples textes narratifs.<\/p>\n<p><strong>Objectifs<\/strong>: comprendre un langage standard dans des situations famili\u00e8res, de travail, des loisirs, etc.; comprendre les sp\u00e9cificit\u00e9s culturelles et linguistiques des diff\u00e9rentes r\u00e9gions italiennes; produire un discours simple et coh\u00e9rent sur des sujets familiers et dans ses domaines d\u2019int\u00e9r\u00eat; raconter un \u00e9v\u00e9nement, une exp\u00e9rience; d\u00e9crire un espoir ou un but; exposer des raisons ou explications pour un projet ou une id\u00e9e.<\/p>\n<p><strong>Aspects grammaticaux<\/strong>: modes et temps verbaux (imp\u00e9ratif n\u00e9gatif, futur, subjonctif pr\u00e9sent, conditionnel, savoir reconna\u00eetre le pass\u00e9 simple, emploi et diff\u00e9rence des temps pour la narration et la description au pass\u00e9: opposition pass\u00e9 compos\u00e9\/imparfait), connecteurs temporels (appena, quando, il momento in cui, etc.), phrase hypoth\u00e9tique simple (se + pr\u00e9sent), mi piace \/ non mi piace che + subjonctif pr\u00e9sent, emploi de ci vuole \/ ci vogliono \/ ci vorrebbe \/ ci vorrebbero, pronom relatif cui, infinitif pass\u00e9; tous les pronoms personnels directs et indirects simples et doubles.<\/p>\n<p>Correspondance avec le Cadre europ\u00e9en commun de r\u00e9f\u00e9rence pour les langues B2<\/p>\n<p>Examen final<\/p>\n<p>Attestation finale du niveau B2, valable pour la candidature de pr\u00e9-inscription dans les universit\u00e9s italiennes, \u00e0 travers les bureaux consulaires de l&rsquo;Ambassade d&rsquo;Italie et le Consulat G\u00e9n\u00e9ral d&rsquo;Italie selon le lieu de r\u00e9sidence du candidat.<\/p>\n","protected":false},"excerpt":{"rendered":"SESSIONS COURS NORMAUX: Pour le niveau B2-Normal, 72h -90h environ au total, s&rsquo;effectue au deuxi\u00e8me ann\u00e9e scolaire cons\u00e9cutive, selon le m\u00eame rythme de la structure des sessions des niveaux A1, A2 et B1. Renseignements g\u00e9n\u00e9raux: Jours: Du Lundi au Jeudi 8h00-10h15; 10h15-12h30; 12h30-14h45; 14h45-17h &amp; 17h-19h15 &amp; 19h15 &#8211; 21:30 Vendredi et Samedi: 8h \u00e0 [&hellip;]","protected":false},"author":5,"featured_media":0,"parent":336,"menu_order":4,"comment_status":"closed","ping_status":"closed","template":"","meta":{"footnotes":""},"class_list":["post-406","page","type-page","status-publish","hentry"],"_links":{"self":[{"href":"https:\/\/iicrabat.esteri.it\/fr\/wp-json\/wp\/v2\/pages\/406","targetHints":{"allow":["GET"]}}],"collection":[{"href":"https:\/\/iicrabat.esteri.it\/fr\/wp-json\/wp\/v2\/pages"}],"about":[{"href":"https:\/\/iicrabat.esteri.it\/fr\/wp-json\/wp\/v2\/types\/page"}],"author":[{"embeddable":true,"href":"https:\/\/iicrabat.esteri.it\/fr\/wp-json\/wp\/v2\/users\/5"}],"replies":[{"embeddable":true,"href":"https:\/\/iicrabat.esteri.it\/fr\/wp-json\/wp\/v2\/comments?post=406"}],"version-history":[{"count":1,"href":"https:\/\/iicrabat.esteri.it\/fr\/wp-json\/wp\/v2\/pages\/406\/revisions"}],"predecessor-version":[{"id":407,"href":"https:\/\/iicrabat.esteri.it\/fr\/wp-json\/wp\/v2\/pages\/406\/revisions\/407"}],"up":[{"embeddable":true,"href":"https:\/\/iicrabat.esteri.it\/fr\/wp-json\/wp\/v2\/pages\/336"}],"wp:attachment":[{"href":"https:\/\/iicrabat.esteri.it\/fr\/wp-json\/wp\/v2\/media?parent=406"}],"curies":[{"name":"wp","href":"https:\/\/api.w.org\/{rel}","templated":true}]}}