{"id":381,"date":"2023-09-13T13:21:18","date_gmt":"2023-09-13T12:21:18","guid":{"rendered":"https:\/\/iicrabat.esteri.it\/?page_id=381"},"modified":"2023-09-14T12:35:51","modified_gmt":"2023-09-14T11:35:51","slug":"stages","status":"publish","type":"page","link":"https:\/\/iicrabat.esteri.it\/fr\/news\/dall_istituto\/opportunites\/stages\/","title":{"rendered":"Stages"},"content":{"rendered":"<p><span class=\"titoloNotizia\"><span class=\"titoloRosso\">Stages MAECI\/CRUI<\/p>\n<p><\/span><\/span>A qui s\u2019adressent-ils<br \/>\nAux jeunes italiens particuli\u00e8rement brillants en possession d\u2019une licence \u00ab Laurea \u00ab\u00a0breve\u00a0\u00bb ou \u00ab\u00a0specialistica\u00a0\u00bb ou \u00ab\u00a0del vecchio ordinamento\u00a0\u00bb\u00bb (obtenue dans les 18 mois pr\u00e9c\u00e9dents), ou bien aux \u00e9tudiants de derni\u00e8re ann\u00e9e des universit\u00e9s italiennes ou inscrits en master de 1er et 2eme degr\u00e9 (r\u00e9cemment dipl\u00f4m\u00e9s, n\u2019exc\u00e9dant pas 18 mois)<\/p>\n<p>O\u00f9 et quand se d\u00e9roulent-ils<br \/>\nIl est possible d\u2019effectuer un stage d\u2019une p\u00e9riode de trois mois aupr\u00e8s des services du Minist\u00e8re des Affaires Etrang\u00e8res Italien \u00e0 Rome ou bien \u00e0 l\u2019\u00e9tranger aupr\u00e8s des diff\u00e9rents si\u00e8ges du Minist\u00e8re:<br \/>\nInstituts Culturels Italiens<br \/>\nAmbassades italiennes<br \/>\nConsulats italiens<br \/>\nRepr\u00e9sentations Permanentes aupr\u00e8s des Organisations Internationales<\/p>\n<p>Les stages sont organis\u00e9s r\u00e9guli\u00e8rement sur trois p\u00e9riodes de l\u2019ann\u00e9e (janvier &#8211; avril, mai &#8211; ao\u00fbt, septembre -d\u00e9cembre).<\/p>\n<p>Par qui sont-ils organis\u00e9s<br \/>\nLes stages ont \u00e9t\u00e9 institu\u00e9s suite \u00e0 une convention entre le Minist\u00e8re des Affaires Etrang\u00e8res Italien (Institut Diplomatique) et la \u00ab Conferenza dei Rettori delle Universit\u00e0 Italiane \u00bb (CRUI).<br \/>\nA ce jour, 57 universit\u00e9s italiennes ont adh\u00e9r\u00e9 \u00e0 la Convention.<br \/>\nEntre 2001 et 2004, sur 10000 candidatures parvenues, plus de 3000 stages ont \u00e9t\u00e9 effectu\u00e9s aupr\u00e8s du Minist\u00e8re ou \u00e0 l\u2019\u00e9tranger.<\/p>\n<p>Programme<br \/>\nLe programme s\u2019adresse \u00e0 ceux qui d\u00e9sirent entrer en contact avec le syst\u00e8me des relations internationales de notre Pays, dans les secteurs : politique, \u00e9conomique, socioculturel, scientifique et de la coop\u00e9ration au d\u00e9veloppement. Il offre la possibilit\u00e9 d\u2019acqu\u00e9rir \u2013 d\u2019une perspective privil\u00e9gi\u00e9e -une connaissance directe et concr\u00e8te du caract\u00e8re op\u00e9rationnel des structures du Minist\u00e8re en Italie et \u00e0 l\u2019\u00e9tranger. Il est recommand\u00e9, aussi bien \u00e0 ceux qui d\u00e9sirent conna\u00eetre les diff\u00e9rentes orientations pour entamer une carri\u00e8re internationale, qu\u2019\u00e0 ceux qui d\u00e9sirent suivre un projet d\u2019\u00e9tudes en approfondissant \u00absur le terrain\u00bb leurs connaissances, en compl\u00e9ment de leurs \u00e9tudes.<\/p>\n<p>L\u2019Institut Diplomatique du Minist\u00e8re des Affaires Etrang\u00e8res italien<br \/>\nL&rsquo;Institut Diplomatique s\u2019occupe de la coordination du programme et des diff\u00e9rents aspects de sa gestion, en collaboration avec la CRUI. Il en d\u00e9finit, en particulier, les objectifs, les modalit\u00e9s et les contenus ; il se charge de la publication p\u00e9riodique des places offertes ainsi que des respectives descriptions des postes \u00e0 pourvoir ; il proc\u00e8de \u00e0 la s\u00e9lection des candidats et se soucie de rendre profitable et efficace l\u2019activit\u00e9 formatrice des s\u00e9lectionn\u00e9s ; il effectue un contr\u00f4le g\u00e9n\u00e9ral sur le d\u00e9roulement des stages et sur les r\u00e9sultats obtenus.<\/p>\n<p>Informations<br \/>\nD\u2019autres informations concernant les proc\u00e9dures, les conditions requises pour la participation et la liste des Universit\u00e9s qui participent \u00e0 l\u2019initiative, peuvent \u00eatre trouv\u00e9es sur le site Internet de la Conferenza dei Rettori delle Universit\u00e0 italiane (CRUI). Les int\u00e9ress\u00e9es devront s\u2019adresser aux services comp\u00e9tents des Universit\u00e9s, qui recueillent les candidatures et qui peuvent aussi les informer sur le sujet. Des informations peuvent \u00eatre aussi obtenues \u00e0 l\u2019adresse suivante :\u00a0<a href=\"mailto:programma.tirocini@esteri.itde\">programma.tirocini@esteri.itde<\/a>\u00a0l\u2019Institut Diplomatique du Minist\u00e8re des Affaires Etrang\u00e8res Italien.<span class=\"titoloNotizia\"><span class=\"titoloRosso\"><br \/>\n<\/span><\/span><\/p>\n","protected":false},"excerpt":{"rendered":"Stages MAECI\/CRUI A qui s\u2019adressent-ils Aux jeunes italiens particuli\u00e8rement brillants en possession d\u2019une licence \u00ab Laurea \u00ab\u00a0breve\u00a0\u00bb ou \u00ab\u00a0specialistica\u00a0\u00bb ou \u00ab\u00a0del vecchio ordinamento\u00a0\u00bb\u00bb (obtenue dans les 18 mois pr\u00e9c\u00e9dents), ou bien aux \u00e9tudiants de derni\u00e8re ann\u00e9e des universit\u00e9s italiennes ou inscrits en master de 1er et 2eme degr\u00e9 (r\u00e9cemment dipl\u00f4m\u00e9s, n\u2019exc\u00e9dant pas 18 mois) O\u00f9 [&hellip;]","protected":false},"author":5,"featured_media":0,"parent":370,"menu_order":6,"comment_status":"closed","ping_status":"closed","template":"","meta":{"footnotes":""},"class_list":["post-381","page","type-page","status-publish","hentry"],"_links":{"self":[{"href":"https:\/\/iicrabat.esteri.it\/fr\/wp-json\/wp\/v2\/pages\/381","targetHints":{"allow":["GET"]}}],"collection":[{"href":"https:\/\/iicrabat.esteri.it\/fr\/wp-json\/wp\/v2\/pages"}],"about":[{"href":"https:\/\/iicrabat.esteri.it\/fr\/wp-json\/wp\/v2\/types\/page"}],"author":[{"embeddable":true,"href":"https:\/\/iicrabat.esteri.it\/fr\/wp-json\/wp\/v2\/users\/5"}],"replies":[{"embeddable":true,"href":"https:\/\/iicrabat.esteri.it\/fr\/wp-json\/wp\/v2\/comments?post=381"}],"version-history":[{"count":1,"href":"https:\/\/iicrabat.esteri.it\/fr\/wp-json\/wp\/v2\/pages\/381\/revisions"}],"predecessor-version":[{"id":382,"href":"https:\/\/iicrabat.esteri.it\/fr\/wp-json\/wp\/v2\/pages\/381\/revisions\/382"}],"up":[{"embeddable":true,"href":"https:\/\/iicrabat.esteri.it\/fr\/wp-json\/wp\/v2\/pages\/370"}],"wp:attachment":[{"href":"https:\/\/iicrabat.esteri.it\/fr\/wp-json\/wp\/v2\/media?parent=381"}],"curies":[{"name":"wp","href":"https:\/\/api.w.org\/{rel}","templated":true}]}}