{"id":379,"date":"2023-09-13T13:18:29","date_gmt":"2023-09-13T12:18:29","guid":{"rendered":"https:\/\/iicrabat.esteri.it\/?page_id=379"},"modified":"2023-09-14T12:32:52","modified_gmt":"2023-09-14T11:32:52","slug":"prix-et-concours","status":"publish","type":"page","link":"https:\/\/iicrabat.esteri.it\/fr\/news\/dall_istituto\/opportunites\/prix-et-concours\/","title":{"rendered":"Prix et concours"},"content":{"rendered":"<p>PRIX ET CONTRIBUTIONS AUX TRADUCTIONS D&rsquo;\u0152UVRES LITTERAIRES ET SCIENTIFIQUES (AUSSI SUR M\u00c9DIAS NUM\u00c9RIQUES) ET \u00c0 LA PRODUCTION EN LANGUE \u00c9TRANG\u00c8RE, AU DOUBLAGE OU AU SOUS-TITRAGE DE COURTS M\u00c9TRAGES, LONGS M\u00c9TRAGES ET S\u00c9RIES T\u00c9L\u00c9VIS\u00c9ES<\/p>\n<p><a href=\"http:\/\/iicrabat.esteri.it\/IIC_Rabat\/resource\/doc\/2023\/03\/2023_bando_premi_e_contributi._eng.pdf\"><strong>LIEN VERS L&rsquo;AVIS<\/strong><\/a><\/p>\n<p><a href=\"http:\/\/iicrabat.esteri.it\/IIC_Rabat\/resource\/doc\/2023\/03\/2023_moduli_di_domanda_inglese_e_italiano_1.docx\"><strong>LES FORMULAIRES DE DEMANDE<\/strong><\/a><\/p>\n<p>&#8212;&#8212;&#8212;&#8212;&#8212;&#8212;&#8212;&#8212;&#8212;&#8212;&#8212;&#8212;&#8212;&#8212;&#8212;&#8212;&#8212;&#8212;&#8212;&#8212;&#8212;&#8212;&#8212;&#8212;&#8212;&#8212;&#8212;&#8212;&#8212;&#8212;&#8212;&#8212;&#8212;&#8212;&#8212;&#8212;&#8212;&#8212;&#8212;&#8212;&#8212;&#8212;&#8212;&#8212;&#8212;&#8212;&#8212;&#8212;&#8212;<\/p>\n<p><strong>Premio Nazionale \u00ab\u00a0BookTuberPrize\u00a0\u00bb<\/strong><\/p>\n<p><strong>Quinta Edizione del Premio Nazionale \u00ab\u00a0BookTuberPrize\u00a0\u00bb<\/strong><\/p>\n<p>Il Centro per il libro e la lettura del MiC, in collaborazione con la Direzione Generale per lo Studente, l&rsquo;inclusione e l&rsquo;Orientamento scolastico del MIM e con la Direzione Generale per Diplomazia pubblica e culturale del MAECI hanno indetto la quinta edizione del Premio Nazionale \u00ab\u00a0BookTuberPrize\u00a0\u00bb. Il Concorso si rivolge ai giovani dai 15 ai 21 anni, in Italia e all&rsquo;estero, e vuole essere un&rsquo;occasione per far circolare la conoscenza dei libri fra i giovani, sviluppando in loro capacit\u00e0 di comprensione, di sintesi, di pensiero critico e stimolando le loro competenze digitali, attraverso l&rsquo;utilizzo del mezzo informatico.<\/p>\n<p><a href=\"https:\/\/cepell.it\/wp-content\/uploads\/2023\/02\/Regolamento-concorso-booktuber-2023.pdf\"><strong>Leggi il bando<\/strong><\/a><\/p>\n<p>&#8212;&#8212;&#8212;&#8212;&#8212;&#8212;&#8212;&#8212;&#8212;&#8212;&#8212;&#8212;&#8212;&#8212;&#8212;&#8212;&#8212;&#8212;&#8212;&#8212;&#8212;&#8212;&#8212;&#8212;&#8212;&#8212;&#8212;&#8212;&#8212;&#8212;&#8212;&#8212;&#8212;&#8212;&#8212;&#8212;&#8212;&#8212;&#8212;&#8212;&#8212;&#8212;&#8212;&#8212;&#8212;&#8212;&#8212;&#8212;&#8212;<\/p>\n<p>Le Minist\u00e8re des Affaires \u00c9trang\u00e8res organise en collaboration avec d&rsquo;autres institutions certains prix dans diff\u00e9rentes disciplines artistiques et culturelles :<\/p>\n<ul>\n<li><a href=\"http:\/\/noisymag.com\/2011\/07\/27\/premio-new-york-2011-2012-per-i-giovani-artisti\/\">Il Premio New York per giovani artisti italiani emergenti<\/a><\/li>\n<li><a href=\"http:\/\/www.premiflaiano.it\/index.php?option=com_content&amp;view=article&amp;id=576:bando-italianistica-2012&amp;catid=40:news\">Il Premio Flaiano di italianistica<\/a><\/li>\n<\/ul>\n<p>Le Minist\u00e8re offre de nombreux prix Prix et aides pour la traduction d&rsquo;oeuvres litt\u00e9raires et audiovisuelles italiennes.<\/p>\n<p>L&rsquo;Italie offre de nombreux prix internationaux, nationaux, r\u00e9gionaux, provinciaux et communeaux ouverts \u00e0 des ressortissants italiens et\/ou \u00e9trangers.<\/p>\n<p><span class=\"titoloNotizia\">\u00a0\u00a0\u00a0\u00a0\u00a0\u00a0Architecture et design<br \/>\n<\/span><\/p>\n<ul>\n<li><a href=\"http:\/\/www.triennale.it\/\" target=\"_blank\" rel=\"noopener\">La Triennale di Milano<\/a><\/li>\n<li>Premio Alcoa Architettura<\/li>\n<li>Premio Architettura Citt\u00e0 di Oderzo<\/li>\n<li><a title=\"http:\/\/www.costruire-expert.com\/premio.asp\" href=\"http:\/\/www.costruire-expert.com\/premio.asp\">Premio Costruire l&rsquo;Innovazione<\/a><\/li>\n<li><a title=\"http:\/\/www.inu.it\/progetti\/index.html\" href=\"http:\/\/www.inu.it\/progetti\/index.html\">Premio INU<\/a><\/li>\n<li><a title=\"http:\/\/www.tetraktis.it\/\" href=\"http:\/\/www.tetraktis.it\/\">Premio Tercas Architettura<\/a><\/li>\n<li><a title=\"http:\/\/www.assoarchitetti.it\/\" href=\"http:\/\/www.assoarchitetti.it\/\">Premio Internazionale Dedalo Minosse &#8211; ALA Assoarchitetti<\/a><\/li>\n<li><a title=\"http:\/\/web.unicam.it\/culturaurbana\/\" href=\"http:\/\/web.unicam.it\/culturaurbana\/\">Premio Internazionale di Architettura e Cultura Urbana &#8211; Camerino<\/a><\/li>\n<li><a title=\"http:\/\/www.architettiroma.it\/archivio.aspx?id=5615\" href=\"http:\/\/www.architettiroma.it\/archivio.aspx?id=5615\">Premio Internazionale Carlo Scarpa per il Giardino &#8211; Fondazione Benetton Studi Ricerche &#8211;\u00a0<\/a>Treviso<\/li>\n<li><a title=\"http:\/\/www.targetti.com\/arte\/it\/section_3\/concorso\" href=\"http:\/\/www.targetti.com\/arte\/it\/section_3\/concorso\">Premio Targetti Light Art &#8211; Firenze<\/a><\/li>\n<li><a title=\"http:\/\/www.professionearchitetto.it\/concorsi\/index.aspx\" href=\"http:\/\/www.professionearchitetto.it\/concorsi\/index.aspx\">Ricerca concorsi e premiazioni<\/a><\/li>\n<\/ul>\n<p><span class=\"titoloNotizia\">\u00a0\u00a0\u00a0\u00a0\u00a0\u00a0Art<\/span><\/p>\n<ul>\n<li><a title=\"http:\/\/www.micfaenza.org\/premifaenza\/index.htm\" href=\"http:\/\/www.micfaenza.org\/premifaenza\/index.htm\">Concorso Internazionale della Ceramica d&rsquo;Arte Contemporanea &#8211; Faenza<\/a><\/li>\n<li>Concorso Internazionale Premio Massenzio per l&rsquo;Arte &#8211; Roma<\/li>\n<li><a title=\"http:\/\/www.fondazionezeri.unibo.it\/ita\/2.2.5.asp\" href=\"http:\/\/www.fondazionezeri.unibo.it\/ita\/2.2.5.asp\">Premio Federico Zeri<\/a><\/li>\n<li><a href=\"http:\/\/foto.expatclic.com\/\">Concorso fotografico Expat-clic<\/a><\/li>\n<li>Progetto \u00ab\u00a0Recontigo\u00a0\u00bb<\/li>\n<\/ul>\n<p><span class=\"titoloNotizia\">\u00a0\u00a0\u00a0\u00a0 Cin\u00e9ma<\/span><\/p>\n<ul>\n<li><a href=\"http:\/\/www.oasisphotocontest.com\/\">Oasis Photo Contest<\/a><\/li>\n<li><a title=\"http:\/\/www.museocivico.rovereto.tn.it\/\" href=\"http:\/\/www.museocivico.rovereto.tn.it\/\">Rassegna Internazionale del Cinema Archeologico &#8211; Rovereto<\/a><\/li>\n<\/ul>\n<p><span class=\"titoloNotizia\">Danse<br \/>\n<\/span><\/p>\n<ul>\n<li><a href=\"http:\/\/www.settimanainternazionaledelladanza.it\/\">Concorso Internazionale di Danza &#8211; citt\u00e0 di Spoleto<\/a><\/li>\n<\/ul>\n<p>&nbsp;<\/p>\n<p>&nbsp;<\/p>\n<p><span class=\"titoloNotizia\">Litt\u00e9rature<\/span><\/p>\n<ul>\n<li><a href=\"http:\/\/portalegiovani.comune.fi.it\/pogio\/jsp\/info_publish\/occasioni_dettaglio.jsp?ID_REC=3170\">Premio Firenze per le Culture di Pace &#8211; dedicato a Tiziano Terzani<\/a><\/li>\n<li><a title=\"http:\/\/www.premiflaiano.it\/\" href=\"http:\/\/www.premiflaiano.it\/\">Premi Internazionali Flaiano &#8211; Pescara<\/a><\/li>\n<li><a title=\"http:\/\/www.premiodeledda.it\/index.html\" href=\"http:\/\/www.premiodeledda.it\/index.html\">Premio Letterario Nazionale Grazia Deledda<\/a><\/li>\n<li><a title=\"http:\/\/www.premiocampiello.org\/\" href=\"http:\/\/www.premiocampiello.org\/\">Premio Campiello Letteratura &#8211; Industriali del Veneto<\/a><\/li>\n<li><a title=\"http:\/\/biblioeuropea.altervista.org\/ital\/premi.html\" href=\"http:\/\/biblioeuropea.altervista.org\/ital\/premi.html\">Premio Farnesina Biblioteca Europea &#8211; Roma<\/a><\/li>\n<li><a title=\"http:\/\/www.premiogvoz.altervista.org\/\" href=\"http:\/\/www.premiogvoz.altervista.org\/\">Premio Letterario Citt\u00e0 di Arona (Novara<\/a>)<\/li>\n<li><a title=\"http:\/\/www.guardandolestelle.it\/index.htm\" href=\"http:\/\/www.guardandolestelle.it\/index.htm\">Concorso Europeo di Narrativa &#8211; Val Di Nievole<\/a><\/li>\n<li><a href=\"http:\/\/www.castellodiduinopoesia.it\/en\">Concorso Internazionale di Poesia &#8211; Castello di Duino &#8211; Trieste<\/a><\/li>\n<li><a href=\"https:\/\/iicrabat.esteri.it\/iicmanager\/sedi_resource_iic\/2012\/03\/96412_f_iic51AdaNegri_bando_2012_0992.pdf\">Premio Internazionale \u00ab\u00a0Sulle orme di Ada Negri\u00a0\u00bb<\/a><\/li>\n<li><a href=\"http:\/\/premiomanzonilecco.it\/news.php\">Premio Letterario Internazionale \u00ab\u00a0Alessandro Manzoni &#8211; Citt\u00e0 Di Lecco\u00a0\u00bb\u00a0<\/a><\/li>\n<li><a href=\"http:\/\/http\/\/www.premiomariorigonistern.it\/\">Premio letterario Rigoni Stern<\/a><\/li>\n<\/ul>\n<p><span class=\"titoloNotizia\">\u00a0\u00a0\u00a0\u00a0\u00a0 Musique\u00a0<\/span><\/p>\n<ul>\n<li>Concorso Internazionale per Quartetto d&rsquo;Archi \u00ab\u00a0Premio Paolo Borciani\u00a0\u00bb (Reggio Emilia)<\/li>\n<li><a title=\"http:\/\/www.promart.it\/p_concorsi.asp\" href=\"http:\/\/www.promart.it\/p_concorsi.asp\">Concorsi di Musica Classica &#8211; Motore di ricerca<\/a><\/li>\n<li><a title=\"http:\/\/www.nuovaconsonanza.it\/\" href=\"http:\/\/www.nuovaconsonanza.it\/\">Concorso Internazionale di Composizione Franco Evangelisti\u00a0<\/a><span class=\"titoloNotizia\">\u00a0\u00a0\u00a0<\/span><\/li>\n<li><a href=\"http:\/\/www.concorso2agosto.it\/\">Concorso\u00a0Internazionale di Composizione musicale\u00a0\u00ab\u00a02 agosto\u00a0\u00bb &#8211; XVIII Edizione, Bologna<\/a><\/li>\n<\/ul>\n<p><span class=\"titoloNotizia\">\u00a0\u00a0\u00a0\u00a0\u00a0\u00a0Science\u00a0<\/span><\/p>\n<ul>\n<li><a href=\"http:\/\/www.pianetauniversitario.com\/\">Pianeta Universitario<\/a><\/li>\n<\/ul>\n<p><span class=\"titoloNotizia\">\u00a0\u00a0\u00a0\u00a0\u00a0\u00a0Etudes,\u00a0Recherches,\u00a0Essais et Traductions<\/span><\/p>\n<ul>\n<li><a title=\"http:\/\/www.silone.it\/premio\/bandi_concorso_tredicesima_edizione.htm\" href=\"http:\/\/www.silone.it\/premio\/bandi_concorso_tredicesima_edizione.htm\">Premio Internazionale Ignazio Silone &#8211; Pescina (AQ)<\/a><\/li>\n<li><a title=\"http:\/\/www.certamenciceronianum.it\/\" href=\"http:\/\/www.certamenciceronianum.it\/\">Certamen Ciceronianum Arpinas &#8211; Citt\u00e0 di Arpino<\/a><\/li>\n<li>Premio giornalistico Claudio Accardi<\/li>\n<\/ul>\n<p><span class=\"titoloNotizia\">\u00a0\u00a0\u00a0\u00a0\u00a0\u00a0Theatre<\/span><\/p>\n<ul>\n<li><a title=\"http:\/\/www.comune.torino.it\/infogio\/lingue\/\" href=\"http:\/\/www.comune.torino.it\/infogio\/lingue\/\">Festival Studentesco Europeo di Teatro Plurilingue<\/a><\/li>\n<\/ul>\n<p><span class=\"titoloNotizia\">\u00a0\u00a0\u00a0\u00a0\u00a0\u00a0Divers<\/span><\/p>\n<ul>\n<li><a href=\"http:\/\/www.siae.it\/concorsipremi.asp?view=1\">Concorsi e premi SIAE<\/a><\/li>\n<\/ul>\n","protected":false},"excerpt":{"rendered":"PRIX ET CONTRIBUTIONS AUX TRADUCTIONS D&rsquo;\u0152UVRES LITTERAIRES ET SCIENTIFIQUES (AUSSI SUR M\u00c9DIAS NUM\u00c9RIQUES) ET \u00c0 LA PRODUCTION EN LANGUE \u00c9TRANG\u00c8RE, AU DOUBLAGE OU AU SOUS-TITRAGE DE COURTS M\u00c9TRAGES, LONGS M\u00c9TRAGES ET S\u00c9RIES T\u00c9L\u00c9VIS\u00c9ES LIEN VERS L&rsquo;AVIS LES FORMULAIRES DE DEMANDE &#8212;&#8212;&#8212;&#8212;&#8212;&#8212;&#8212;&#8212;&#8212;&#8212;&#8212;&#8212;&#8212;&#8212;&#8212;&#8212;&#8212;&#8212;&#8212;&#8212;&#8212;&#8212;&#8212;&#8212;&#8212;&#8212;&#8212;&#8212;&#8212;&#8212;&#8212;&#8212;&#8212;&#8212;&#8212;&#8212;&#8212;&#8212;&#8212;&#8212;&#8212;&#8212;&#8212;&#8212;&#8212;&#8212;&#8212;&#8212;&#8212; Premio Nazionale \u00ab\u00a0BookTuberPrize\u00a0\u00bb Quinta Edizione del Premio Nazionale \u00ab\u00a0BookTuberPrize\u00a0\u00bb Il Centro per il libro [&hellip;]","protected":false},"author":5,"featured_media":0,"parent":370,"menu_order":5,"comment_status":"closed","ping_status":"closed","template":"","meta":{"footnotes":""},"class_list":["post-379","page","type-page","status-publish","hentry"],"_links":{"self":[{"href":"https:\/\/iicrabat.esteri.it\/fr\/wp-json\/wp\/v2\/pages\/379","targetHints":{"allow":["GET"]}}],"collection":[{"href":"https:\/\/iicrabat.esteri.it\/fr\/wp-json\/wp\/v2\/pages"}],"about":[{"href":"https:\/\/iicrabat.esteri.it\/fr\/wp-json\/wp\/v2\/types\/page"}],"author":[{"embeddable":true,"href":"https:\/\/iicrabat.esteri.it\/fr\/wp-json\/wp\/v2\/users\/5"}],"replies":[{"embeddable":true,"href":"https:\/\/iicrabat.esteri.it\/fr\/wp-json\/wp\/v2\/comments?post=379"}],"version-history":[{"count":1,"href":"https:\/\/iicrabat.esteri.it\/fr\/wp-json\/wp\/v2\/pages\/379\/revisions"}],"predecessor-version":[{"id":380,"href":"https:\/\/iicrabat.esteri.it\/fr\/wp-json\/wp\/v2\/pages\/379\/revisions\/380"}],"up":[{"embeddable":true,"href":"https:\/\/iicrabat.esteri.it\/fr\/wp-json\/wp\/v2\/pages\/370"}],"wp:attachment":[{"href":"https:\/\/iicrabat.esteri.it\/fr\/wp-json\/wp\/v2\/media?parent=379"}],"curies":[{"name":"wp","href":"https:\/\/api.w.org\/{rel}","templated":true}]}}