{"id":372,"date":"2023-09-13T13:13:34","date_gmt":"2023-09-13T12:13:34","guid":{"rendered":"https:\/\/iicrabat.esteri.it\/?page_id=372"},"modified":"2025-05-15T14:06:08","modified_gmt":"2025-05-15T13:06:08","slug":"bourses-detude","status":"publish","type":"page","link":"https:\/\/iicrabat.esteri.it\/fr\/news\/dall_istituto\/opportunites\/bourses-detude\/","title":{"rendered":"Bourses d&rsquo;\u00e9tude"},"content":{"rendered":"<p><strong>The application deadline is MAY 16th 2025<\/strong><\/p>\n<p>The Italian Ministry of Foreign Affairs and International Cooperation (MAECI) offers grants in favour of foreign students living abroad and Italian citizens living abroad (IRE)* for the 2025-2026 academic year in order to foster cooperation in the cultural, scientific and technological fields, to support Italy\u2019s economic system in the world and to promote the Italian language and culture (according to the Italian law 288\/55 and its subsequent amendments and additions).<\/p>\n<p>Grants are offered to complete study, research and\/or training programmes at public or legally recognized Italian educational institutions.<br \/>\nGrants are compatible exclusively with the onsite attendance of academic courses on the Italian territory.<\/p>\n<p>The list of eligible countries can be found on the website Study in Italy: https:\/\/studyinitaly.esteri.it\/.<\/p>\n<p>&nbsp;<\/p>\n<hr \/>\n<p>Le Minist\u00e8re italien des Affaires \u00e9trang\u00e8res et de la Coop\u00e9ration internationale offre des bourses aux \u00e9tudiants \u00e9trangers et aux Italiens r\u00e9sidant \u00e0 l&rsquo;\u00e9tranger (IRE) pour l&rsquo;ann\u00e9e acad\u00e9mique 2023-2024, dans le but de favoriser la coop\u00e9ration dans les domaines culturel, scientifique et technologique, la projection du syst\u00e8me \u00e9conomique italien dans le monde et la diffusion de la connaissance de la langue et de la culture italiennes.<\/p>\n<p>La bourse couvre uniquement la participation \u00e0 des cours sur le territoire italien.<\/p>\n<p>L&rsquo;annonce peut \u00eatre consult\u00e9e \u00e0 la page suivante :<\/p>\n<p><a href=\"https:\/\/studyinitaly.esteri.it\/\">https:\/\/studyinitaly.esteri.it<\/a><\/p>\n<p>La liste des pays b\u00e9n\u00e9ficiaires, dont le Maroc, peut \u00eatre consult\u00e9e sur la page suivante du portail\u00a0<a href=\"https:\/\/studyinitaly.esteri.it\/en\/call-for-procedure\">https:\/\/studyinitaly.esteri.it\/en\/call-for-procedure<\/a><\/p>\n<p><strong>Les demandes en ligne doivent \u00eatre soumises, en utilisant le portail \u00ab\u00a0Study in Italy\u00a0\u00bb, au plus tard le 9 juin \u00e0 14h00 (heure italienne).<\/strong><\/p>\n<p><strong>BOURSES D&rsquo;\u00c9TUDES D\u00c9DI\u00c9ES \u00c0 LA M\u00c9MOIRE DE L&rsquo;AMB. LUCA ATTANASIO<\/strong><\/p>\n<p>En m\u00e9moire de l&rsquo;Amb. Attanasio et de ses collaborateurs (Vittorio Iacovacci et Mustapha Milambo),\u00a03 bourses seront attribu\u00e9es \u00e0 des candidats marocains d\u00e9sireux d&rsquo;entreprendre ou de poursuivre des \u00e9tudes dans les domaines des relations internationales, de la coop\u00e9ration au d\u00e9veloppement, du droit international humanitaire et des droits de l&rsquo;homme, avec une pr\u00e9f\u00e9rence pour les classes LM-38 (Langues modernes pour la communication et la coop\u00e9ration), LM-52 (Relations internationales), LM-62 (Sciences politiques), LM-81 (Sciences pour la coop\u00e9ration au d\u00e9veloppement) LM-87 (Service social et politique sociale).<\/p>\n<hr \/>\n<p><strong>21.07.2023<\/strong><\/p>\n<p><a href=\"https:\/\/ambrabat.esteri.it\/ambasciata_rabat\/resource\/doc\/2023\/07\/graduatoria_borse_di_studio_as_2023-2024.pdf\">Pubblicazione graduatoria Borse di Studio per studenti Stranieri e Italiani residenti all\u2019estero\u00a0<\/a>per l\u2019anno accademico 2023\/2024<\/p>\n","protected":false},"excerpt":{"rendered":"The application deadline is MAY 16th 2025 The Italian Ministry of Foreign Affairs and International Cooperation (MAECI) offers grants in favour of foreign students living abroad and Italian citizens living abroad (IRE)* for the 2025-2026 academic year in order to foster cooperation in the cultural, scientific and technological fields, to support Italy\u2019s economic system in [&hellip;]","protected":false},"author":5,"featured_media":0,"parent":370,"menu_order":0,"comment_status":"closed","ping_status":"closed","template":"","meta":{"footnotes":""},"class_list":["post-372","page","type-page","status-publish","hentry"],"_links":{"self":[{"href":"https:\/\/iicrabat.esteri.it\/fr\/wp-json\/wp\/v2\/pages\/372","targetHints":{"allow":["GET"]}}],"collection":[{"href":"https:\/\/iicrabat.esteri.it\/fr\/wp-json\/wp\/v2\/pages"}],"about":[{"href":"https:\/\/iicrabat.esteri.it\/fr\/wp-json\/wp\/v2\/types\/page"}],"author":[{"embeddable":true,"href":"https:\/\/iicrabat.esteri.it\/fr\/wp-json\/wp\/v2\/users\/5"}],"replies":[{"embeddable":true,"href":"https:\/\/iicrabat.esteri.it\/fr\/wp-json\/wp\/v2\/comments?post=372"}],"version-history":[{"count":2,"href":"https:\/\/iicrabat.esteri.it\/fr\/wp-json\/wp\/v2\/pages\/372\/revisions"}],"predecessor-version":[{"id":5395,"href":"https:\/\/iicrabat.esteri.it\/fr\/wp-json\/wp\/v2\/pages\/372\/revisions\/5395"}],"up":[{"embeddable":true,"href":"https:\/\/iicrabat.esteri.it\/fr\/wp-json\/wp\/v2\/pages\/370"}],"wp:attachment":[{"href":"https:\/\/iicrabat.esteri.it\/fr\/wp-json\/wp\/v2\/media?parent=372"}],"curies":[{"name":"wp","href":"https:\/\/api.w.org\/{rel}","templated":true}]}}