{"id":351,"date":"2023-09-12T14:14:22","date_gmt":"2023-09-12T13:14:22","guid":{"rendered":"https:\/\/iicrabat.esteri.it\/?page_id=351"},"modified":"2023-09-14T11:17:53","modified_gmt":"2023-09-14T10:17:53","slug":"comment-et-quand-sinscrire","status":"publish","type":"page","link":"https:\/\/iicrabat.esteri.it\/fr\/lingua-e-cultura\/i-corsi-di-lingua\/comment-et-quand-sinscrire\/","title":{"rendered":"Comment et quand s&rsquo;inscrire"},"content":{"rendered":"<p><strong>Secr\u00e9tariat des cours<\/strong><\/p>\n<p>Il est situ\u00e9 au premier \u00e9tage de l\u2019\u00e9tablissement.\u00a0<strong>Responsable M. Mohammed Hamza<\/strong><br \/>\nT\u00e9l.: (+212) 0537.76.68.26\/ 47<br \/>\nFax: (+212) (0 537.76.68.56<\/p>\n<p>Horaires d\u2019ouverture<\/p>\n<p>R\u00e9ception du public tous les jours de 9h \u00e0 15h (Pause d\u00e9jeuner de 13h \u00e0 13h15) et le vendredi de 9h \u00e0 13h.<br \/>\nFerm\u00e9 samedi et dimanche et les jours f\u00e9ri\u00e9s du calendrier de l&rsquo;Ambassade d&rsquo;Italie au Maroc<\/p>\n<p><strong>MODALIT\u00c9S D&rsquo;INSCRIPTION<\/strong><\/p>\n<p><strong>Pour les niveaux B1-I (\u00e9l\u00e8ves d\u00e9j\u00e0 inscrits l&rsquo;ann\u00e9e derni\u00e8re):<\/strong><\/p>\n<ol>\n<li>Une fois le versement de\u00a0<strong>2.200,00 MAD<\/strong>\u00a0(motif : frais d&rsquo;inscription + co\u00fbt du mat\u00e9riel p\u00e9dagogique) effectu\u00e9 dans une agence du\u00a0<strong>Cr\u00e9dit du Maroc<\/strong>\u00a0au profit de l&rsquo;<strong>INSTITUT CULTUREL ITALIEN DE RABAT<\/strong>\u00a0(<strong>Banque : CREDIT DU MAROC, RIB : 021 810 0000 035 005 40 110 7 40<\/strong>) en indiquant vos nom et pr\u00e9nom et votre num\u00e9ro CIN, il est n\u00e9cessaire de nous remettre le re\u00e7u du paiement des frais d&rsquo;inscription en original avec la carte ci-jointe d\u00e9livr\u00e9e l&rsquo;ann\u00e9e derni\u00e8re par l\u2019Institut Culturel Italien de Rabat;<\/li>\n<li>Apr\u00e8s v\u00e9rification de la r\u00e9gularit\u00e9 du paiement, il vous sera d\u00e9livr\u00e9 un r\u00e9c\u00e9piss\u00e9 d&rsquo;inscription selon la p\u00e9riode choisie l&rsquo;ann\u00e9e derni\u00e8re.<\/li>\n<\/ol>\n<p><strong>Pour les niveaux A1-I (Nouvelles inscriptions):<\/strong><\/p>\n<p>Vous \u00eates d\u00e9butant, pour votre premi\u00e8re inscription aux cours de Langue Italienne \u00e0 l&rsquo;Institut Culturel Italien de Rabat, pour vous aider \u00e0 choisir le cours qui vous convient le mieux :<\/p>\n<ol>\n<li>vous devez remplir le formulaire d&rsquo;inscription (<a href=\"https:\/\/iicrabat.esteri.it\/iic_rabat\/resource\/doc\/2021\/09\/fiche_dinscription_cours_de_langues_aa_2021-22_1.pdf\">LINK<\/a>) en lettres majuscules, en choisissant votre horaire pr\u00e9f\u00e9r\u00e9, le signer avec la mention \u00ab\u00a0lu et approuv\u00e9\u00a0\u00bb et le remettre en joignant une copie de votre CIN \u00e0 l&rsquo;administration de l&rsquo;Institut ainsi que deux photographies de format passeport;<\/li>\n<li>Une fois le cours r\u00e9serv\u00e9 et apr\u00e8s avoir re\u00e7u confirmation de l&rsquo;administration de la disponibilit\u00e9 de la place pour la dur\u00e9e souhait\u00e9e, il est n\u00e9cessaire d&rsquo;effectuer un versement de\u00a0<strong>2.200,00 MAD<\/strong>\u00a0(motif : frais d&rsquo;inscription + co\u00fbt du mat\u00e9riel p\u00e9dagogique) \u00e0 une succursale du\u00a0<strong>Cr\u00e9dit du Maroc<\/strong>\u00a0au profit de l&rsquo;<strong>INSTITUT CULTUREL ITALIEN DE RABAT<\/strong>\u00a0(<strong>Banque: CREDIT DU MAROC, RIB : 021 810 0000 035 005 40 110 7 40<\/strong>) en indiquant vos nom et pr\u00e9nom et votre num\u00e9ro CIN;<\/li>\n<li>Une fois le paiement demand\u00e9 effectu\u00e9, il est n\u00e9cessaire de nous remettre le re\u00e7u du paiement des droits d&rsquo;inscription en un exemplaire original;<\/li>\n<li>Apr\u00e8s v\u00e9rification de la r\u00e9gularit\u00e9 du paiement, il vous sera d\u00e9livr\u00e9 un r\u00e9c\u00e9piss\u00e9 d&rsquo;inscription selon l&rsquo;horaire choisi avec une carte de l&rsquo;Institut.<\/li>\n<\/ol>\n<p>Si vous connaissez d\u00e9j\u00e0 la langue italienne, vous devez demander un rendez-vous pour un test d&rsquo;entr\u00e9e (r\u00e9alis\u00e9 en ligne) \u00e0 travers lequel nous vous aiderons \u00e0 choisir le cours le plus appropri\u00e9 pour vous.<\/p>\n<p>Le paiement doit \u00eatre effectu\u00e9 par l&rsquo;interm\u00e9diaire d&rsquo;une agence bancaire\u00a0<strong>Cr\u00e9dit du Maroc<\/strong>\u00a0au profit de l&rsquo;<strong>INSTITUT CULTUREL ITALIEN DE RABAT<\/strong>\u00a0(<strong>Banque : CREDIT DU MAROC, RIB : 021810 0000 035 005 40110 7 40<\/strong>) en indiquant vos nom et pr\u00e9nom et votre num\u00e9ro CIN dans le document de transfert.<\/p>\n<p><strong>IMPORTANT:<\/strong><\/p>\n<p>Les frais d&rsquo;inscription doivent \u00eatre pay\u00e9s avant le d\u00e9but du cours. En cas de d\u00e9sistement apr\u00e8s le d\u00e9but du cours, l&rsquo;Institut Culturel Italien de Rabat n&rsquo;est responsable d&rsquo;aucun remboursement. Les paiements effectu\u00e9s sans l&rsquo;accord pr\u00e9alable de l&rsquo;Institut Culturel Italien de Rabat, absence ou la non fr\u00e9quence aux cours ne donnent droit \u00e0 aucun remboursement en aucun cas. Tous les cours se d\u00e9roulent \u00e0 distance. L&rsquo;Institut Culturel Italien de Rabat se r\u00e9serve le droit d&rsquo;annuler les cours qui ne totalisent pas le nombre d&rsquo;inscriptions requis, de fusionner des groupes et de modifier le programme en cours d&rsquo;ann\u00e9e et de remplacer le professeur, s&rsquo;il le juge n\u00e9cessaire, au d\u00e9but ou pendant la dur\u00e9e des cours.<\/p>\n<p>Les horaires des cours peuvent \u00eatre modifi\u00e9s pendant le mois de Ramadan.<\/p>\n<p>\u00c0 l&rsquo;exception du niveau A1, l&rsquo;acc\u00e8s aux autres niveaux est possible si vous passez le niveau pr\u00e9c\u00e9dent. Pour ceux qui ont d\u00e9j\u00e0 acquis une connaissance de la langue, une fiche d&rsquo;inscription\/stage est requise pour les orienter vers un groupe correspondant \u00e0 leur niveau.<\/p>\n<p><strong>LE PAIEMENT DOIT \u00caTRE EFFECTU\u00c9 EXCLUSIVEMENT PAR VIREMENT BANCAIRE<\/strong><\/p>\n<p>Frais d&rsquo;inscription :<\/p>\n<p>&#8211; pour le premier module de chaque niveau, un versement de la somme de\u00a0<strong>2.200,00 MAD<\/strong>\u00a0(Motif : frais d&rsquo;inscription + frais de mat\u00e9riel p\u00e9dagogique) ;<\/p>\n<p>&#8211; pour le deuxi\u00e8me module de chaque niveau, un versement de la somme de\u00a0<strong>2.000,00 MAD<\/strong>\u00a0(Motif : frais d&rsquo;inscription).<\/p>\n<p><strong>Remboursements<\/strong><\/p>\n<p>L&rsquo;Institut Culturel Italien de Rabat remboursera les frais d&rsquo;inscription pay\u00e9s uniquement si le groupe n&rsquo;a pas \u00e9t\u00e9 form\u00e9 en raison d&rsquo;un nombre insuffisant d\u2019inscrits.<\/p>\n<p>Dans tous les autres cas, les frais d&rsquo;inscription pay\u00e9s ne seront pas rembours\u00e9s, sauf si l&rsquo;\u00e9tudiant peut assister aux cours en communiquant le changement au moins 15 jours avant le d\u00e9but des cours; dans ce cas, il aura le droit de suivre le cours dans une autre session.<\/p>\n","protected":false},"excerpt":{"rendered":"Secr\u00e9tariat des cours Il est situ\u00e9 au premier \u00e9tage de l\u2019\u00e9tablissement.\u00a0Responsable M. Mohammed Hamza T\u00e9l.: (+212) 0537.76.68.26\/ 47 Fax: (+212) (0 537.76.68.56 Horaires d\u2019ouverture R\u00e9ception du public tous les jours de 9h \u00e0 15h (Pause d\u00e9jeuner de 13h \u00e0 13h15) et le vendredi de 9h \u00e0 13h. Ferm\u00e9 samedi et dimanche et les jours f\u00e9ri\u00e9s [&hellip;]","protected":false},"author":5,"featured_media":0,"parent":105,"menu_order":2,"comment_status":"closed","ping_status":"closed","template":"","meta":{"footnotes":""},"class_list":["post-351","page","type-page","status-publish","hentry"],"_links":{"self":[{"href":"https:\/\/iicrabat.esteri.it\/fr\/wp-json\/wp\/v2\/pages\/351","targetHints":{"allow":["GET"]}}],"collection":[{"href":"https:\/\/iicrabat.esteri.it\/fr\/wp-json\/wp\/v2\/pages"}],"about":[{"href":"https:\/\/iicrabat.esteri.it\/fr\/wp-json\/wp\/v2\/types\/page"}],"author":[{"embeddable":true,"href":"https:\/\/iicrabat.esteri.it\/fr\/wp-json\/wp\/v2\/users\/5"}],"replies":[{"embeddable":true,"href":"https:\/\/iicrabat.esteri.it\/fr\/wp-json\/wp\/v2\/comments?post=351"}],"version-history":[{"count":1,"href":"https:\/\/iicrabat.esteri.it\/fr\/wp-json\/wp\/v2\/pages\/351\/revisions"}],"predecessor-version":[{"id":352,"href":"https:\/\/iicrabat.esteri.it\/fr\/wp-json\/wp\/v2\/pages\/351\/revisions\/352"}],"up":[{"embeddable":true,"href":"https:\/\/iicrabat.esteri.it\/fr\/wp-json\/wp\/v2\/pages\/105"}],"wp:attachment":[{"href":"https:\/\/iicrabat.esteri.it\/fr\/wp-json\/wp\/v2\/media?parent=351"}],"curies":[{"name":"wp","href":"https:\/\/api.w.org\/{rel}","templated":true}]}}