{"id":349,"date":"2023-09-12T14:10:38","date_gmt":"2023-09-12T13:10:38","guid":{"rendered":"https:\/\/iicrabat.esteri.it\/?page_id=349"},"modified":"2023-09-14T11:15:55","modified_gmt":"2023-09-14T10:15:55","slug":"cours-et-ateliers","status":"publish","type":"page","link":"https:\/\/iicrabat.esteri.it\/fr\/lingua-e-cultura\/i-corsi-di-lingua\/calendrier\/cours-et-ateliers\/","title":{"rendered":"Cours et ateliers"},"content":{"rendered":"<p>A la demande pour des groupes compos\u00e9s de 10 \u00e0 15 personnes, des cours et ateliers peuvent \u00eatre activ\u00e9s.<\/p>\n","protected":false},"excerpt":{"rendered":"A la demande pour des groupes compos\u00e9s de 10 \u00e0 15 personnes, des cours et ateliers peuvent \u00eatre activ\u00e9s.","protected":false},"author":5,"featured_media":0,"parent":336,"menu_order":9,"comment_status":"closed","ping_status":"closed","template":"","meta":{"footnotes":""},"class_list":["post-349","page","type-page","status-publish","hentry"],"_links":{"self":[{"href":"https:\/\/iicrabat.esteri.it\/fr\/wp-json\/wp\/v2\/pages\/349","targetHints":{"allow":["GET"]}}],"collection":[{"href":"https:\/\/iicrabat.esteri.it\/fr\/wp-json\/wp\/v2\/pages"}],"about":[{"href":"https:\/\/iicrabat.esteri.it\/fr\/wp-json\/wp\/v2\/types\/page"}],"author":[{"embeddable":true,"href":"https:\/\/iicrabat.esteri.it\/fr\/wp-json\/wp\/v2\/users\/5"}],"replies":[{"embeddable":true,"href":"https:\/\/iicrabat.esteri.it\/fr\/wp-json\/wp\/v2\/comments?post=349"}],"version-history":[{"count":1,"href":"https:\/\/iicrabat.esteri.it\/fr\/wp-json\/wp\/v2\/pages\/349\/revisions"}],"predecessor-version":[{"id":350,"href":"https:\/\/iicrabat.esteri.it\/fr\/wp-json\/wp\/v2\/pages\/349\/revisions\/350"}],"up":[{"embeddable":true,"href":"https:\/\/iicrabat.esteri.it\/fr\/wp-json\/wp\/v2\/pages\/336"}],"wp:attachment":[{"href":"https:\/\/iicrabat.esteri.it\/fr\/wp-json\/wp\/v2\/media?parent=349"}],"curies":[{"name":"wp","href":"https:\/\/api.w.org\/{rel}","templated":true}]}}