{"id":340,"date":"2023-09-12T13:48:44","date_gmt":"2023-09-12T12:48:44","guid":{"rendered":"https:\/\/iicrabat.esteri.it\/?page_id=340"},"modified":"2023-09-14T11:01:03","modified_gmt":"2023-09-14T10:01:03","slug":"niveau-a2","status":"publish","type":"page","link":"https:\/\/iicrabat.esteri.it\/fr\/lingua-e-cultura\/i-corsi-di-lingua\/calendrier\/niveau-a2\/","title":{"rendered":"Niveau A2"},"content":{"rendered":"<p><strong><span class=\"titoloRosso\">SESSIONS COURS NORMAUX<\/span><\/strong><\/p>\n<p>Niveau A2 &#8211; NORMALE &#8211; 72h-90 environ au total<\/p>\n<p>Deux modules:<\/p>\n<p>El\u00e9mentaire A2 &#8211; I (troisi\u00e8me session)<br \/>\nRenseignements g\u00e9n\u00e9raux:<\/p>\n<p>Jours:<strong> du Lundi au Jeudi<\/strong><br \/>\nHoraires: <strong>8h00-10h15<\/strong>; 10h15-12h30; <strong>12h30-14h45<\/strong>; 14h45-17h00 &amp; <strong>17-19h15 &amp; <\/strong>19:15-21:30<\/p>\n<p><strong>Vendredi et Samedi<\/strong>: Vendredi de 14:30 \u00e0 19h et Samedi de 9h \u00e0 13:30<\/p>\n<p>&nbsp;<\/p>\n<p>El\u00e9mentaire A2 &#8211; II (quatri\u00e8me session)<br \/>\nRenseignements g\u00e9n\u00e9raux:<\/p>\n<p>Jours:<strong> du Lundi au Jeudi<\/strong><br \/>\nHoraires: <strong>8h00-10h15<\/strong>; 10h15-12h30; <strong>12h30-14h45<\/strong>; 14h45-17h00 &amp; <strong>17-19h15 &amp; <\/strong>19:15-21:30<\/p>\n<p><strong>Vendredi et Samedi<\/strong>: Vendredi de 14:30 \u00e0 19h et Samedi de 9h \u00e0 13:30<\/p>\n<p>Modalit\u00e9s de paiement: Pour \u00e9viter la propagation du Coronavirus, exclusivement par virement bancaire.<\/p>\n<p>Manuels et mat\u00e9riel didactique<\/p>\n<p>Manuel: NUOVO RETE A2 de Guerra Editore, Perugia<br \/>\nCo\u00fbt du mat\u00e9riel didactique environ: 200 dhs<\/p>\n<p><strong>Programme<\/strong><\/p>\n<p><strong>Description du cours<\/strong>: offrir et demander des objets, demander la permission, demander \u00e0 quelqu\u2019un de faire quelque chose, accepter et refuser, poser des questions sur l\u2019alimentation et donner des recettes de cuisine, commander dans un restaurant, d\u00e9crire des objets, d\u00e9crire des personnes, exprimer un avis, parler du pass\u00e9 et du futur.<\/p>\n<p><strong>Objectifs<\/strong>: comprendre et utiliser des expressions famili\u00e8res orales et \u00e9crites en relation avec des domaines prioritaires et pour faire face \u00e0 des besoins imm\u00e9diats; d\u00e9crire sa formation, son environnement et \u00e9voquer des sujets de la vie courante dans une interaction avec un interlocuteur coop\u00e9ratif.<\/p>\n<p><strong>Aspects grammaticaux<\/strong>: adjectifs possessifs, pronoms compl\u00e9ment indirect de 1re et 2\u00e8me personne, quelques verbes irr\u00e9guliers, imp\u00e9ratif, imparfait, degr\u00e9 de l\u2019adjectif, pronom relatif che, pronom ne, adverbes de temps et de quantit\u00e9 (abbastanza, molto, ancora, gi\u00e0, mai, sempre&#8230;), expressions du futur (pensare di + infinitif, dovere + infinitif) c\u2019\u00e8, ci sono.<\/p>\n<p>Correspondance avec le Cadre europ\u00e9en commun de r\u00e9f\u00e9rence pour les langues A2<\/p>\n<p>Examen final<br \/>\nAttestation finale du niveau A2<\/p>\n","protected":false},"excerpt":{"rendered":"SESSIONS COURS NORMAUX Niveau A2 &#8211; NORMALE &#8211; 72h-90 environ au total Deux modules: El\u00e9mentaire A2 &#8211; I (troisi\u00e8me session) Renseignements g\u00e9n\u00e9raux: Jours: du Lundi au Jeudi Horaires: 8h00-10h15; 10h15-12h30; 12h30-14h45; 14h45-17h00 &amp; 17-19h15 &amp; 19:15-21:30 Vendredi et Samedi: Vendredi de 14:30 \u00e0 19h et Samedi de 9h \u00e0 13:30 &nbsp; El\u00e9mentaire A2 &#8211; II [&hellip;]","protected":false},"author":5,"featured_media":0,"parent":336,"menu_order":2,"comment_status":"closed","ping_status":"closed","template":"","meta":{"footnotes":""},"class_list":["post-340","page","type-page","status-publish","hentry"],"_links":{"self":[{"href":"https:\/\/iicrabat.esteri.it\/fr\/wp-json\/wp\/v2\/pages\/340","targetHints":{"allow":["GET"]}}],"collection":[{"href":"https:\/\/iicrabat.esteri.it\/fr\/wp-json\/wp\/v2\/pages"}],"about":[{"href":"https:\/\/iicrabat.esteri.it\/fr\/wp-json\/wp\/v2\/types\/page"}],"author":[{"embeddable":true,"href":"https:\/\/iicrabat.esteri.it\/fr\/wp-json\/wp\/v2\/users\/5"}],"replies":[{"embeddable":true,"href":"https:\/\/iicrabat.esteri.it\/fr\/wp-json\/wp\/v2\/comments?post=340"}],"version-history":[{"count":1,"href":"https:\/\/iicrabat.esteri.it\/fr\/wp-json\/wp\/v2\/pages\/340\/revisions"}],"predecessor-version":[{"id":341,"href":"https:\/\/iicrabat.esteri.it\/fr\/wp-json\/wp\/v2\/pages\/340\/revisions\/341"}],"up":[{"embeddable":true,"href":"https:\/\/iicrabat.esteri.it\/fr\/wp-json\/wp\/v2\/pages\/336"}],"wp:attachment":[{"href":"https:\/\/iicrabat.esteri.it\/fr\/wp-json\/wp\/v2\/media?parent=340"}],"curies":[{"name":"wp","href":"https:\/\/api.w.org\/{rel}","templated":true}]}}