{"id":338,"date":"2023-09-12T13:31:49","date_gmt":"2023-09-12T12:31:49","guid":{"rendered":"https:\/\/iicrabat.esteri.it\/?page_id=338"},"modified":"2023-09-14T10:57:44","modified_gmt":"2023-09-14T09:57:44","slug":"niveau-a1","status":"publish","type":"page","link":"https:\/\/iicrabat.esteri.it\/fr\/lingua-e-cultura\/i-corsi-di-lingua\/calendrier\/niveau-a1\/","title":{"rendered":"Niveau A1"},"content":{"rendered":"<p><span class=\"titoloNotizia\"><span class=\"titoloRosso\">SESSIONS COURS NORMAUX<\/span><\/span><\/p>\n<p>Niveau A1 &#8211; NORMALE &#8211; 72h \u00e0 90h environ au total<\/p>\n<p>Deux modules<br \/>\nEl\u00e9mentaire A1 &#8211; I (premi\u00e8re session)<br \/>\nRenseignements g\u00e9n\u00e9raux:<br \/>\nJours:<strong> du Lundi au Jeudi<\/strong><br \/>\nHoraires: <strong>8h00-10h15<\/strong>; 10h15-12h30; <strong>12h30-14h45<\/strong>; 14h45-17h00 &amp; <strong>17-19h15 &amp; <\/strong>19:15-21:30<\/p>\n<p><strong>Vendredi et Samedi<\/strong>: Vendredi de 14:30 \u00e0 19h et Samedi de 9h \u00e0 13:30<\/p>\n<p>El\u00e9mentaire A1 &#8211; II (deuxi\u00e8me session)<br \/>\nRenseignements g\u00e9n\u00e9raux:<br \/>\nJours:<strong> du Lundi au Jeudi<\/strong><br \/>\nHoraires: <strong>8h00-10h15<\/strong>; 10h15-12h30; <strong>12h30-14h45<\/strong>; 14h45-17h00 &amp; <strong>17-19h15 &amp; <\/strong>19:15-21:30<\/p>\n<p><strong>Vendredi et Samedi<\/strong>: Vendredi de 14:30 \u00e0 19h et Samedi de 9h \u00e0 13:30<\/p>\n<p>Modalit\u00e9s de paiement: Pour \u00e9viter la propagation du Coronavirus, exclusivement par virement bancaire.<\/p>\n<p>Manuels et mat\u00e9riel didactique<\/p>\n<p>Manuel: NUOVO RETE A1 de Guerra Editore, Perugia<br \/>\nCo\u00fbt du mat\u00e9riel didactique environ: 200 dhs<\/p>\n<p><strong>Programme A1<\/strong><br \/>\nDescription du cours: saluer, se pr\u00e9senter et pr\u00e9senter quelqu\u2019un, donner des informations sur soi-m\u00eame, demander des informations \u00e0 quelqu\u2019un (nom, nationalit\u00e9, profession, etc.), se situer dans le temps et l\u2019espace, exprimer l\u2019accord et le d\u00e9saccord, parler au t\u00e9l\u00e9phone, parler des activit\u00e9s quotidiennes et des habitudes, demander et donner des renseignements sur un lieu et le temps<\/p>\n<p><strong>Objectifs<\/strong>: comprendre et utiliser des expressions orales et \u00e9crites d\u2019usage quotidien; poser et r\u00e9pondre \u00e0 des simples questions personnelles et sur son environnement familial et professionnel.<\/p>\n<p><strong>Aspects grammaticaux<\/strong>: articles, f\u00e9minin et pluriel des noms et des adjectifs, adjectifs d\u00e9monstratifs (questo, etc.), les nombres de 0 \u00e0 100, poids et mesures, verbes auxiliaires et r\u00e9guliers des trois groupes (-are, -ere,-ire), quelques verbes irr\u00e9guliers (andare, venire, fare, potere, volere, dovere, uscire, etc.), verbes pronominaux, temps des verbes (pr\u00e9sent, pass\u00e9 compos\u00e9, g\u00e9rondif), pr\u00e9positions et \u00ab preposizioni articolate \u00bb, pronoms personnels sujet et compl\u00e9ment direct et indirect (la, lo, li, gli, le), adverbes de temps et de lieu.<\/p>\n<p>Correspondance avec le Cadre europ\u00e9en commun de r\u00e9f\u00e9rence pour les langues A1<\/p>\n<p>Examen final<br \/>\nAttestation finale du niveau A1<\/p>\n","protected":false},"excerpt":{"rendered":"SESSIONS COURS NORMAUX Niveau A1 &#8211; NORMALE &#8211; 72h \u00e0 90h environ au total Deux modules El\u00e9mentaire A1 &#8211; I (premi\u00e8re session) Renseignements g\u00e9n\u00e9raux: Jours: du Lundi au Jeudi Horaires: 8h00-10h15; 10h15-12h30; 12h30-14h45; 14h45-17h00 &amp; 17-19h15 &amp; 19:15-21:30 Vendredi et Samedi: Vendredi de 14:30 \u00e0 19h et Samedi de 9h \u00e0 13:30 El\u00e9mentaire A1 &#8211; [&hellip;]","protected":false},"author":5,"featured_media":0,"parent":336,"menu_order":1,"comment_status":"closed","ping_status":"closed","template":"","meta":{"footnotes":""},"class_list":["post-338","page","type-page","status-publish","hentry"],"_links":{"self":[{"href":"https:\/\/iicrabat.esteri.it\/fr\/wp-json\/wp\/v2\/pages\/338","targetHints":{"allow":["GET"]}}],"collection":[{"href":"https:\/\/iicrabat.esteri.it\/fr\/wp-json\/wp\/v2\/pages"}],"about":[{"href":"https:\/\/iicrabat.esteri.it\/fr\/wp-json\/wp\/v2\/types\/page"}],"author":[{"embeddable":true,"href":"https:\/\/iicrabat.esteri.it\/fr\/wp-json\/wp\/v2\/users\/5"}],"replies":[{"embeddable":true,"href":"https:\/\/iicrabat.esteri.it\/fr\/wp-json\/wp\/v2\/comments?post=338"}],"version-history":[{"count":1,"href":"https:\/\/iicrabat.esteri.it\/fr\/wp-json\/wp\/v2\/pages\/338\/revisions"}],"predecessor-version":[{"id":339,"href":"https:\/\/iicrabat.esteri.it\/fr\/wp-json\/wp\/v2\/pages\/338\/revisions\/339"}],"up":[{"embeddable":true,"href":"https:\/\/iicrabat.esteri.it\/fr\/wp-json\/wp\/v2\/pages\/336"}],"wp:attachment":[{"href":"https:\/\/iicrabat.esteri.it\/fr\/wp-json\/wp\/v2\/media?parent=338"}],"curies":[{"name":"wp","href":"https:\/\/api.w.org\/{rel}","templated":true}]}}