{"id":336,"date":"2023-09-12T13:43:10","date_gmt":"2023-09-12T12:43:10","guid":{"rendered":"https:\/\/iicrabat.esteri.it\/?page_id=336"},"modified":"2025-09-12T11:34:36","modified_gmt":"2025-09-12T10:34:36","slug":"calendrier","status":"publish","type":"page","link":"https:\/\/iicrabat.esteri.it\/fr\/lingua-e-cultura\/i-corsi-di-lingua\/calendrier\/","title":{"rendered":"Calendrier"},"content":{"rendered":"<p>L\u2019Institut Culturel Italien de Rabat propose un choix large et vari\u00e9 de cours de Langue et de Culture italienne, d\u2019ateliers et d\u2019activit\u00e9s.<\/p>\n<p>Les Cours de Langue et de Culture Italienne propos\u00e9s sont divis\u00e9s en six niveaux selon le\u00a0<strong>Cadre Europ\u00e9en Commun de R\u00e9f\u00e9rence pour les Langues<\/strong>\u00a0(CECR) du Conseil de l\u2019Europe et sont dispens\u00e9s en italien par des enseignants poss\u00e9dant les qualifications et les connaissances et comp\u00e9tences professionnelles ad\u00e9quates et p\u00e9dagogiques.<\/p>\n<p>Les inscrits aux cours d\u2019italien organis\u00e9s par l\u2019Institut ont libre acc\u00e8s \u00e0 la biblioth\u00e8que et aux activit\u00e9s culturelles, y compris la participation au cin\u00e9-club.<\/p>\n<p><strong>CALENDRIER DES COURS a.s. 2025\/2026<\/strong><\/p>\n<p><strong>SESSIONS COURS INTENSIFS<\/strong><\/p>\n<p><strong>D\u00e9but des cours le 06 octobre 2025 fin des cours le 28 juin 2026<\/strong><\/p>\n<p>L\u2019ann\u00e9e scolaire est r\u00e9partie en quatre niveaux intensives de 8 semaines chacune (9h\/semaine) (4 s\u00e9ances du lundi au jeudi ou deux s\u00e9ances du vendredi au samedi) (total de 72 heures par niveau).<\/p>\n<ul>\n<li><strong>Premi\u00e8re Session (Niveau A1) : Les cours du 06 octobre au 30 novembre 2025 dont les inscriptions se feront du 15 septembre au 03 octobre 2025;<\/strong><\/li>\n<li><strong>Deuxi\u00e8me Session (Niveau A2) : Les cours du 01 d\u00e9cembre 2025 au 08 f\u00e9vrier 2026 dont les inscriptions se feront du 24 au 28 novembre 2025;<\/strong><\/li>\n<li><strong>Troisi\u00e8me Session (Niveaux B1) : Les cours du 09 f\u00e9vrier 2026 au 12 avril 2026 dont les inscriptions se feront du 02 au 06 f\u00e9vrier 2026;<\/strong><\/li>\n<li><strong>Quatri\u00e8me Session (Niveau B2) : Les cours du 20 avril au 28 juin 2026 dont les inscriptions se feront du\u00a0 13 au 17\u00a0 avril 2026;<\/strong><\/li>\n<\/ul>\n<p><strong>MODALIT\u00c9S D\u2019INSCRIPTION<\/strong><\/p>\n<p><strong>Pour les niveaux A1-I (Nouvelles inscriptions):<\/strong><\/p>\n<p>Vous \u00eates d\u00e9butant, pour votre premi\u00e8re inscription aux cours de Langue Italienne \u00e0 l\u2019Institut Culturel Italien de Rabat, pour vous aider \u00e0 choisir le cours qui vous convient le mieux :<\/p>\n<ol>\n<li>vous devez remplir le formulaire d\u2019inscription (<a href=\"https:\/\/iicrabat.esteri.it\/wp-content\/uploads\/2025\/09\/FICHE-DINSCRIPTION-Cours-de-Langues_aa-2025-2026.pdf\"><strong>LINK<\/strong><\/a>) en lettres majuscules, en choisissant votre horaire pr\u00e9f\u00e9r\u00e9, le signer avec la mention \u00ab\u00a0lu et approuv\u00e9\u00a0\u00bb et le remettre en joignant une copie de votre CIN \u00e0 l\u2019administration de l\u2019Institut ainsi que deux photographies de format passeport;<\/li>\n<li>Une fois le cours r\u00e9serv\u00e9 et apr\u00e8s avoir re\u00e7u confirmation de l\u2019administration de la disponibilit\u00e9 de la place pour l\u2019horaire souhait\u00e9, il est n\u00e9cessaire d\u2019effectuer un versement de\u00a0<strong>4.200,00 MAD<\/strong>\u00a0(motif : frais d\u2019inscription + co\u00fbt du mat\u00e9riel p\u00e9dagogique) \u00e0 une succursale du\u00a0<strong>Cr\u00e9dit du Maroc<\/strong>\u00a0au profit de l\u2019<strong>INSTITUT CULTUREL ITALIEN DE RABAT<\/strong>\u00a0(<strong>Banque: CREDIT DU MAROC, RIB : 021 810 0000 035 005 40 110 7 40<\/strong>) en indiquant vos nom et pr\u00e9nom et votre num\u00e9ro CIN ;<\/li>\n<li>Une fois le paiement demand\u00e9 effectu\u00e9, il est n\u00e9cessaire de nous remettre le re\u00e7u du paiement des droits d\u2019inscription en un exemplaire original;<\/li>\n<li>Apr\u00e8s v\u00e9rification de la r\u00e9gularit\u00e9 du paiement, il vous sera d\u00e9livr\u00e9 un r\u00e9c\u00e9piss\u00e9 d\u2019inscription selon l\u2019horaire choisi avec une carte de l\u2019Institut.<\/li>\n<\/ol>\n<p>Si vous connaissez d\u00e9j\u00e0 la langue italienne avec une attestation de niveau acquis, vous devez demander un rendez-vous pour un test d\u2019entr\u00e9e\u00a0 \u00e0 travers lequel nous vous aiderons \u00e0 choisir le cours le plus appropri\u00e9 pour vous.<\/p>\n<p><strong>IMPORTANT:<\/strong><\/p>\n<p>Les frais d\u2019inscription doivent \u00eatre pay\u00e9s avant le d\u00e9but du cours. En cas de d\u00e9sistement apr\u00e8s le d\u00e9but du cours, l\u2019Institut Culturel Italien de Rabat n\u2019est responsable d\u2019aucun remboursement. Les paiements effectu\u00e9s sans l\u2019accord pr\u00e9alable de l\u2019Institut Culturel Italien de Rabat, absence ou la non fr\u00e9quence aux cours ne donnent droit \u00e0 aucun remboursement en aucun cas.\u00a0<strong>Tous LES COURS D\u2019ITALIEN SONT HYBRIDES (cours en classe et cours en ligne \u00e0 distance via la plateforme Zoom)<\/strong>. L\u2019Institut Culturel Italien de Rabat se r\u00e9serve le droit d\u2019annuler les cours qui ne totalisent pas le nombre d\u2019inscriptions requis, de fusionner des groupes et de modifier le programme en cours d\u2019ann\u00e9e et de remplacer le professeur, s\u2019il le juge n\u00e9cessaire, au d\u00e9but ou pendant la dur\u00e9e des cours.<\/p>\n<p>Les horaires des cours peuvent \u00eatre modifi\u00e9s pendant le mois de Ramadan.<\/p>\n<p>\u00c0 l\u2019exception du niveau A1, l\u2019acc\u00e8s aux autres niveaux est possible si vous passez le niveau pr\u00e9c\u00e9dent.<\/p>\n<p>&nbsp;<\/p>\n<p><strong>LE PAIEMENT DOIT \u00caTRE EFFECTU\u00c9 EXCLUSIVEMENT PAR VERSEMENT BANCAIRE<\/strong><\/p>\n<p>Frais d\u2019inscription par session (<em><strong>Niveau A1, Niveau A2, Niveau B1, Niveau B2<\/strong><\/em>)<\/p>\n<p>\u2013 pour chaque niveau, un versement de la somme de <strong>4.200,00 MAD<\/strong>\u00a0(Motif : frais d\u2019inscription + frais de mat\u00e9riel p\u00e9dagogique)<\/p>\n<p>&nbsp;<\/p>\n<p><strong>Remboursements<\/strong><\/p>\n<p>L\u2019Institut Culturel Italien de Rabat remboursera les frais d\u2019inscription pay\u00e9s uniquement si le groupe n\u2019a pas \u00e9t\u00e9 form\u00e9 en raison d\u2019un nombre insuffisant d\u2019inscrits.<\/p>\n<p>Dans tous les autres cas, les frais d\u2019inscription pay\u00e9s ne seront pas rembours\u00e9s, sauf si l\u2019\u00e9tudiant peut assister aux cours en communiquant le changement au moins 15 jours avant le d\u00e9but des cours; dans ce cas, il aura le droit de suivre le cours dans une autre session.<\/p>\n<p><a href=\"https:\/\/iicrabat.esteri.it\/wp-content\/uploads\/2025\/09\/Calendario-corsi-progetto-corsi-2025-26-.pdf\"><strong>Calendrier d\u00e9taill\u00e9 des cours des langues 2025-2026<\/strong><\/a><\/p>\n","protected":false},"excerpt":{"rendered":"L\u2019Institut Culturel Italien de Rabat propose un choix large et vari\u00e9 de cours de Langue et de Culture italienne, d\u2019ateliers et d\u2019activit\u00e9s. Les Cours de Langue et de Culture Italienne propos\u00e9s sont divis\u00e9s en six niveaux selon le\u00a0Cadre Europ\u00e9en Commun de R\u00e9f\u00e9rence pour les Langues\u00a0(CECR) du Conseil de l\u2019Europe et sont dispens\u00e9s en italien par [&hellip;]","protected":false},"author":5,"featured_media":0,"parent":105,"menu_order":1,"comment_status":"closed","ping_status":"closed","template":"","meta":{"footnotes":""},"class_list":["post-336","page","type-page","status-publish","hentry"],"_links":{"self":[{"href":"https:\/\/iicrabat.esteri.it\/fr\/wp-json\/wp\/v2\/pages\/336","targetHints":{"allow":["GET"]}}],"collection":[{"href":"https:\/\/iicrabat.esteri.it\/fr\/wp-json\/wp\/v2\/pages"}],"about":[{"href":"https:\/\/iicrabat.esteri.it\/fr\/wp-json\/wp\/v2\/types\/page"}],"author":[{"embeddable":true,"href":"https:\/\/iicrabat.esteri.it\/fr\/wp-json\/wp\/v2\/users\/5"}],"replies":[{"embeddable":true,"href":"https:\/\/iicrabat.esteri.it\/fr\/wp-json\/wp\/v2\/comments?post=336"}],"version-history":[{"count":6,"href":"https:\/\/iicrabat.esteri.it\/fr\/wp-json\/wp\/v2\/pages\/336\/revisions"}],"predecessor-version":[{"id":5663,"href":"https:\/\/iicrabat.esteri.it\/fr\/wp-json\/wp\/v2\/pages\/336\/revisions\/5663"}],"up":[{"embeddable":true,"href":"https:\/\/iicrabat.esteri.it\/fr\/wp-json\/wp\/v2\/pages\/105"}],"wp:attachment":[{"href":"https:\/\/iicrabat.esteri.it\/fr\/wp-json\/wp\/v2\/media?parent=336"}],"curies":[{"name":"wp","href":"https:\/\/api.w.org\/{rel}","templated":true}]}}