{"id":327,"date":"2023-09-12T13:22:05","date_gmt":"2023-09-12T12:22:05","guid":{"rendered":"https:\/\/iicrabat.esteri.it\/?page_id=327"},"modified":"2025-05-07T13:45:42","modified_gmt":"2025-05-07T12:45:42","slug":"linstitut","status":"publish","type":"page","link":"https:\/\/iicrabat.esteri.it\/fr\/chi-siamo\/la-sede\/linstitut\/","title":{"rendered":"L&rsquo;Institut"},"content":{"rendered":"<p><img loading=\"lazy\" decoding=\"async\" class=\"\" src=\"https:\/\/iicrabat.esteri.it\/iic_rabat\/resource\/img\/2021\/02\/iic-logo-0120color.jpeg.jpg\" alt=\"iic logo 0120color.jpeg\" width=\"316\" height=\"223\" \/><\/p>\n<p>Pr\u00e9sents dans les principales villes des cinq continents, les 86Instituts Culturels Italiens actuellement actifs, sont un lieu id\u00e9al de rencontres et de dialogue pour intellectuels, artistes et autres personnalit\u00e9s de la culture, mais aussi pour tous ceux qui, italiens ou \u00e9trangers, souhaitent cr\u00e9er ou entretenir des liens avec notre pays.<\/p>\n<p>L\u2019Istituto Italiano di Cultura n\u2019est pas seulement la vitrine de l\u2019Italie et la source d\u2019informations mises \u00e0 jour sur le \u00ab Syst\u00e8me Italie \u00bb, il est \u00e9galement le promoteur d\u2019initiatives, d\u2019activit\u00e9s et d\u2019\u00e9changes culturels. Il est la r\u00e9f\u00e9rence incontournable pour les communaut\u00e9s italiennes \u00e0 l\u2019\u00e9tranger mais se charge aussi de r\u00e9pondre \u00e0 la demande croissante de culture italienne constat\u00e9e dans le monde.<\/p>\n<p>Compl\u00e9tant les activit\u00e9s organis\u00e9es par les Ambassades et les Consulats, les Instituts Culturels Italiens d\u00e9finissent les moyens les plus aptes \u00e0 promouvoir l\u2019image de l\u2019Italie comme source de production, de conservation et de diffusion culturelle, de l\u2019\u00e9poque classique \u00e0 nos jours.<\/p>\n<p>Outre les \u00e9v\u00e9nements culturels qu\u2019ils organisent dans divers domaines (art, musique, cin\u00e9ma, th\u00e9\u00e2tre, danse, mode, design, photographie) les Instituts Culturels Italiens :<br \/>\n\u00b7 offrent la possibilit\u00e9 \u00e0 ceux qui le d\u00e9sirent, de conna\u00eetre la langue et la culture italiennes par l&rsquo;organisation de cours, la gestion de biblioth\u00e8ques, la mise \u00e0 disposition de mat\u00e9riel didactique et documentaire.<br \/>\n\u00b7 cr\u00e9ent des contacts et des conditions permettant de faciliter l\u2019int\u00e9gration de professionnels italiens dans les processus d\u2019\u00e9changes et de production culturels, \u00e0 l\u2019\u00e9chelle internationale.<br \/>\n\u00b7 fournissent des informations et un soutien logistique aux professionnels de la culture publics et priv\u00e9s, aussi bien italiens qu\u2019\u00e9trangers.<br \/>\n\u00b7 soutiennent des initiatives qui favorisent le dialogue interculturel fond\u00e9 sur des principes de d\u00e9mocratie et de solidarit\u00e9 internationale.<\/p>\n<p><a title=\"http:\/\/www.esteri.it\/ita\/2_11_177.asp\" href=\"http:\/\/www.esteri.it\/ita\/2_11_177.asp\" target=\"_blank\" rel=\"noopener\">Le r\u00e9seau des Instituts Culturels Italiens dans le monde<\/a><\/p>\n","protected":false},"excerpt":{"rendered":"Pr\u00e9sents dans les principales villes des cinq continents, les 86Instituts Culturels Italiens actuellement actifs, sont un lieu id\u00e9al de rencontres et de dialogue pour intellectuels, artistes et autres personnalit\u00e9s de la culture, mais aussi pour tous ceux qui, italiens ou \u00e9trangers, souhaitent cr\u00e9er ou entretenir des liens avec notre pays. L\u2019Istituto Italiano di Cultura n\u2019est [&hellip;]","protected":false},"author":5,"featured_media":0,"parent":102,"menu_order":4,"comment_status":"closed","ping_status":"closed","template":"","meta":{"footnotes":""},"class_list":["post-327","page","type-page","status-publish","hentry"],"_links":{"self":[{"href":"https:\/\/iicrabat.esteri.it\/fr\/wp-json\/wp\/v2\/pages\/327","targetHints":{"allow":["GET"]}}],"collection":[{"href":"https:\/\/iicrabat.esteri.it\/fr\/wp-json\/wp\/v2\/pages"}],"about":[{"href":"https:\/\/iicrabat.esteri.it\/fr\/wp-json\/wp\/v2\/types\/page"}],"author":[{"embeddable":true,"href":"https:\/\/iicrabat.esteri.it\/fr\/wp-json\/wp\/v2\/users\/5"}],"replies":[{"embeddable":true,"href":"https:\/\/iicrabat.esteri.it\/fr\/wp-json\/wp\/v2\/comments?post=327"}],"version-history":[{"count":2,"href":"https:\/\/iicrabat.esteri.it\/fr\/wp-json\/wp\/v2\/pages\/327\/revisions"}],"predecessor-version":[{"id":5281,"href":"https:\/\/iicrabat.esteri.it\/fr\/wp-json\/wp\/v2\/pages\/327\/revisions\/5281"}],"up":[{"embeddable":true,"href":"https:\/\/iicrabat.esteri.it\/fr\/wp-json\/wp\/v2\/pages\/102"}],"wp:attachment":[{"href":"https:\/\/iicrabat.esteri.it\/fr\/wp-json\/wp\/v2\/media?parent=327"}],"curies":[{"name":"wp","href":"https:\/\/api.w.org\/{rel}","templated":true}]}}