{"id":323,"date":"2023-09-12T13:00:21","date_gmt":"2023-09-12T12:00:21","guid":{"rendered":"https:\/\/iicrabat.esteri.it\/?page_id=323"},"modified":"2026-04-27T10:39:54","modified_gmt":"2026-04-27T09:39:54","slug":"historique","status":"publish","type":"page","link":"https:\/\/iicrabat.esteri.it\/fr\/chi-siamo\/la-sede\/historique\/","title":{"rendered":"Historique"},"content":{"rendered":"<p>L\u2019IIC qui a \u00e9t\u00e9 cr\u00e9\u00e9 en 1971\u00a0 a depuis chang\u00e9 trois si\u00e8ges. Il se trouve dans le si\u00e8ge actuel d\u00e8s le 1er avril 2002.<\/p>\n<p class=\"AlignCenter\">\n","protected":false},"excerpt":{"rendered":"L\u2019IIC qui a \u00e9t\u00e9 cr\u00e9\u00e9 en 1971\u00a0 a depuis chang\u00e9 trois si\u00e8ges. Il se trouve dans le si\u00e8ge actuel d\u00e8s le 1er avril 2002.","protected":false},"author":5,"featured_media":0,"parent":102,"menu_order":1,"comment_status":"closed","ping_status":"closed","template":"","meta":{"footnotes":""},"class_list":["post-323","page","type-page","status-publish","hentry"],"_links":{"self":[{"href":"https:\/\/iicrabat.esteri.it\/fr\/wp-json\/wp\/v2\/pages\/323","targetHints":{"allow":["GET"]}}],"collection":[{"href":"https:\/\/iicrabat.esteri.it\/fr\/wp-json\/wp\/v2\/pages"}],"about":[{"href":"https:\/\/iicrabat.esteri.it\/fr\/wp-json\/wp\/v2\/types\/page"}],"author":[{"embeddable":true,"href":"https:\/\/iicrabat.esteri.it\/fr\/wp-json\/wp\/v2\/users\/5"}],"replies":[{"embeddable":true,"href":"https:\/\/iicrabat.esteri.it\/fr\/wp-json\/wp\/v2\/comments?post=323"}],"version-history":[{"count":3,"href":"https:\/\/iicrabat.esteri.it\/fr\/wp-json\/wp\/v2\/pages\/323\/revisions"}],"predecessor-version":[{"id":5471,"href":"https:\/\/iicrabat.esteri.it\/fr\/wp-json\/wp\/v2\/pages\/323\/revisions\/5471"}],"up":[{"embeddable":true,"href":"https:\/\/iicrabat.esteri.it\/fr\/wp-json\/wp\/v2\/pages\/102"}],"wp:attachment":[{"href":"https:\/\/iicrabat.esteri.it\/fr\/wp-json\/wp\/v2\/media?parent=323"}],"curies":[{"name":"wp","href":"https:\/\/api.w.org\/{rel}","templated":true}]}}