{"id":321,"date":"2023-09-12T12:56:33","date_gmt":"2023-09-12T11:56:33","guid":{"rendered":"https:\/\/iicrabat.esteri.it\/?page_id=321"},"modified":"2023-09-14T10:19:19","modified_gmt":"2023-09-14T09:19:19","slug":"zones-dactivites","status":"publish","type":"page","link":"https:\/\/iicrabat.esteri.it\/fr\/chi-siamo\/la-sede\/zones-dactivites\/","title":{"rendered":"Zones d&rsquo;activit\u00e9s"},"content":{"rendered":"<p>La circonscription de l&rsquo;Institut Culturel Italien de Rabat comprend toutes les r\u00e9gions du Royaume du Maroc:<\/p>\n<p>&nbsp;<\/p>\n<p>Rabat-Sal\u00e9-Kenitra<\/p>\n<p>B\u00e9ni Mellal-Kh\u00e9nifra<\/p>\n<p>Casablanca-Settat<\/p>\n<p>Dakhla-Oued Ed Dahab<\/p>\n<p>Dr\u00e2a-Tafilalet<\/p>\n<p>F\u00e8s-Mekn\u00e8s<\/p>\n<p>Guelmim-Oued Noun<\/p>\n<p>La\u00e2youne-Sakia El Hamra<\/p>\n<p>Marrakech-Safi<\/p>\n<p>Regione Orientale<\/p>\n<p>Souss-Massa<\/p>\n<p>Tangeri-Tetouan-Al Hoceima<\/p>\n","protected":false},"excerpt":{"rendered":"La circonscription de l&rsquo;Institut Culturel Italien de Rabat comprend toutes les r\u00e9gions du Royaume du Maroc: &nbsp; Rabat-Sal\u00e9-Kenitra B\u00e9ni Mellal-Kh\u00e9nifra Casablanca-Settat Dakhla-Oued Ed Dahab Dr\u00e2a-Tafilalet F\u00e8s-Mekn\u00e8s Guelmim-Oued Noun La\u00e2youne-Sakia El Hamra Marrakech-Safi Regione Orientale Souss-Massa Tangeri-Tetouan-Al Hoceima","protected":false},"author":5,"featured_media":0,"parent":102,"menu_order":1,"comment_status":"closed","ping_status":"closed","template":"","meta":{"footnotes":""},"class_list":["post-321","page","type-page","status-publish","hentry"],"_links":{"self":[{"href":"https:\/\/iicrabat.esteri.it\/fr\/wp-json\/wp\/v2\/pages\/321","targetHints":{"allow":["GET"]}}],"collection":[{"href":"https:\/\/iicrabat.esteri.it\/fr\/wp-json\/wp\/v2\/pages"}],"about":[{"href":"https:\/\/iicrabat.esteri.it\/fr\/wp-json\/wp\/v2\/types\/page"}],"author":[{"embeddable":true,"href":"https:\/\/iicrabat.esteri.it\/fr\/wp-json\/wp\/v2\/users\/5"}],"replies":[{"embeddable":true,"href":"https:\/\/iicrabat.esteri.it\/fr\/wp-json\/wp\/v2\/comments?post=321"}],"version-history":[{"count":1,"href":"https:\/\/iicrabat.esteri.it\/fr\/wp-json\/wp\/v2\/pages\/321\/revisions"}],"predecessor-version":[{"id":322,"href":"https:\/\/iicrabat.esteri.it\/fr\/wp-json\/wp\/v2\/pages\/321\/revisions\/322"}],"up":[{"embeddable":true,"href":"https:\/\/iicrabat.esteri.it\/fr\/wp-json\/wp\/v2\/pages\/102"}],"wp:attachment":[{"href":"https:\/\/iicrabat.esteri.it\/fr\/wp-json\/wp\/v2\/media?parent=321"}],"curies":[{"name":"wp","href":"https:\/\/api.w.org\/{rel}","templated":true}]}}