{"id":112,"date":"2023-04-03T20:52:42","date_gmt":"2023-04-03T19:52:42","guid":{"rendered":"https:\/\/iicrabat.esteri.it\/gli_eventi\/calendario\/"},"modified":"2024-10-28T14:17:38","modified_gmt":"2024-10-28T13:17:38","slug":"calendario","status":"publish","type":"page","link":"https:\/\/iicrabat.esteri.it\/fr\/gli_eventi\/calendario\/","title":{"rendered":"\u00c9v\u00e9nements programm\u00e9s"},"content":{"rendered":"        <div class=\"row\">\n\t\t\t<!-- Ricerca sedi post -->\n\t\t\t<div class=\"col-12 mt-4\">\n\t\t\t  <div class=\"callout callout-highlight note ricerca-esteri p-4\">\n                    <div class=\"callout-title\">\n                        <svg class=\"icon\">\n                            <use xlink:href=\"https:\/\/iicrabat.esteri.it\/wp-content\/themes\/sedi-tema\/assets\/svg\/sprites.svg#it-search\"><\/use>\n                        <\/svg>Entrez vos param\u00e8tres de recherche                    <\/div>\n                    <form id=\"searchFormPost\" name=\"form-search-post\" class=\"form-row align-items-center\" action=\"https:\/\/iicrabat.esteri.it\/fr\/wp-json\/wp\/v2\/pages\/112\/\" method=\"GET\"> \n                        <!-- <div class=\"form-group pt-5\"> -->\n                            <!-- <input type=\"hidden\" id=\"lang\" name=\"lang\" value=\"\"> --> <!-- <\/div> -->\n\n                        <div class=\"it-datepicker-wrapper\">\n                            <div class=\"row\">\n                                <div class=\"form-group col-md-6\">\n                                    <label class=\"active\" for=\"date-init\">Du<\/label>\n                                    <input class=\"form-control\" name=\"date-init\" id=\"date-init\" type=\"date\" placeholder=\"gg\/mm\/aaaa\" value=\"\"lang=\"en-EN\">  \n                                <\/div>\n                                <div class=\"form-group col-md-6\">\n                                    <label class=\"active\" for=\"date-end\">Au<\/label>\n                                    <input class=\"form-control\" name=\"date-end\" id=\"date-end\" type=\"date\" placeholder=\"gg\/mm\/aaaa\" value=\"\">\n                                <\/div>\n                            <\/div>\n                        <\/div>\n                        <div class=\"form-group col-md-12 mt-3\">\n                            <label for=\"searchText\">Champ de recherche gratuit<\/label>\n                            <input type=\"text\" name=\"searchText\" class=\"form-control\" id=\"searchText\" value=\"\">\n                        <\/div>\n                        <div class=\"form-group col-md-4 offset-md-8 text-end\">\n                            <a href=\"https:\/\/iicrabat.esteri.it\/fr\/gli_eventi\/calendario\/\" title=\"Form reset\" id=\"resetImput\" class=\"btn btn-outline-primary btn-xs\">Reset<\/a>\n                            <button type=\"submit\" class=\"btn btn-primary btn-xs\">Montrer les r\u00e9sultats<\/button>\n                        <\/div>\n                    <\/form>\n\t\t\t\t<\/div>\n\t\t\t<\/div>\n\t\t<\/div>\n                    \n            <div class=\"row\">\n                            <div class=\"col-12 mt-3\">\n                <!--start card-->\n                <div class=\"card-wrapper card-space\">\n                    <div class=\"card card-bg card-big border-bottom-card\">\n                        <div class=\"card-body row\">\n                                                    <div class=\"col-sm-3\">\n                                <div class=\"img-responsive\">\n                                    <figure class=\"img-wrapper\">\n                                        <a href=\"https:\/\/iicrabat.esteri.it\/fr\/gli_eventi\/calendario\/la-dolce-vita-a-mogador-rencontres-du-cinema-italien-essaouira-2\/\" title=\"Lire l'article: LA DOLCE VITA \u00c0 MOGADOR \u2013 RENCONTRES DU CIN\u00c9MA ITALIEN ESSAOUIRA\">\n                                                                                            <img loading=\"lazy\" decoding=\"async\" width=\"211\" height=\"300\" src=\"https:\/\/iicrabat.esteri.it\/wp-content\/uploads\/2026\/04\/Brochure-Rencontres-du-Cinema-Italien-a-Essaouira-pages-1_page-0001-211x300.jpg\" srcset=\"https:\/\/iicrabat.esteri.it\/wp-content\/uploads\/2026\/04\/Brochure-Rencontres-du-Cinema-Italien-a-Essaouira-pages-1_page-0001.jpg 975w, https:\/\/iicrabat.esteri.it\/wp-content\/uploads\/2026\/04\/Brochure-Rencontres-du-Cinema-Italien-a-Essaouira-pages-1_page-0001-211x300.jpg 211w, https:\/\/iicrabat.esteri.it\/wp-content\/uploads\/2026\/04\/Brochure-Rencontres-du-Cinema-Italien-a-Essaouira-pages-1_page-0001-719x1024.jpg 719w, https:\/\/iicrabat.esteri.it\/wp-content\/uploads\/2026\/04\/Brochure-Rencontres-du-Cinema-Italien-a-Essaouira-pages-1_page-0001-768x1093.jpg 768w\" sizes=\"auto, (max-width: 975px) 100vw, 975px\"  title=\"Brochure Rencontres du Cin\u00e9ma Italien \u00e0 Essaouira-pages (1)_page-0001\" alt=\"\" class=\"img-fluid\">\n                                                                                    <\/a>\n                                    <\/figure>\n                                <\/div>\n                            <\/div>\n                            <div class=\"col-sm-9\">\n                                                            <div class=\"category-top\">\n                                    <span class=\"fw-bold text-success\">En cours<\/span>                                                                        <span class=\"data\">\n                                        <svg class=\"icon icon-secondary\">\n                                            <use xlink:href=\"https:\/\/iicrabat.esteri.it\/wp-content\/themes\/sedi-tema\/assets\/svg\/sprites.svg#it-calendar\"><\/use>\n                                        <\/svg> mer Avr 15 2026<svg class=\"icon icon-xs icon-secondary me-1 ms-1\"><use href=\"https:\/\/iicrabat.esteri.it\/wp-content\/themes\/sedi-tema\/assets\/svg\/sprites.svg#it-arrow-right\"><\/use><\/svg>sam Avr 18 2026                                    <\/span>\n                                                                    <\/div>\n                            <h5 class=\"card-title big-heading text-uppercase\"><a class=\"text-body text-decoration-none\" href=\"https:\/\/iicrabat.esteri.it\/fr\/gli_eventi\/calendario\/la-dolce-vita-a-mogador-rencontres-du-cinema-italien-essaouira-2\/\" title=\"LA DOLCE VITA \u00c0 MOGADOR \u2013 RENCONTRES DU CIN\u00c9MA ITALIEN ESSAOUIRA\">LA DOLCE VITA \u00c0 MOGADOR \u2013 RENCONTRES DU CIN\u00c9MA ITALIEN ESSAOUIRA<\/a><\/h5>\n                            <p class=\"card-text\">Apr\u00e8s le grand succ\u00e8s des \u00e9ditions pr\u00e9c\u00e9dentes,\u00a0La Dolce Vita \u00e0 Mogador \u2013 Rencontres du Cin\u00e9ma Italien d\u2019Essaouira\u00a0pr\u00e9sente sa\u00a0quatri\u00e8me \u00e9dition, qui se tiendra du\u00a015 au 18 avril 2026. Devenu un rendez-vous incontournable de la sc\u00e8ne culturelle internationale, l\u2019\u00e9v\u00e9nement mettra une nouvelle fois \u00e0 l\u2019honneur\u00a0l\u2019excellence et la cr\u00e9ativit\u00e9 du cin\u00e9ma italien, dans le cadre unique et enchanteur [&hellip;]<\/p>\n                                <a title=\"LA DOLCE VITA \u00c0 MOGADOR \u2013 RENCONTRES DU CIN\u00c9MA ITALIEN ESSAOUIRA\" class=\"read-more\" href=\"https:\/\/iicrabat.esteri.it\/fr\/gli_eventi\/calendario\/la-dolce-vita-a-mogador-rencontres-du-cinema-italien-essaouira-2\/\">\n                                    <span class=\"text\">Lire la suite<\/span>\n                                    <svg class=\"icon\">\n                                    <use xlink:href=\"https:\/\/iicrabat.esteri.it\/wp-content\/themes\/sedi-tema\/assets\/svg\/sprites.svg#it-arrow-right\"><\/use>\n                                    <\/svg>\n                                <\/a>\n                                                        <\/div>\n                                                    <\/div>\n                    <\/div>\n                <\/div>\n                <!--end card-->\n                <\/div><!-- col-12 .mt-3-->\n            \n            <div class=\"col-md-12 mt-4 pb-4\">\n                <nav class=\"navigation col-md-12\" aria-label=\"Navigation\">\n                    <h2 class=\"screen-reader-text visually-hidden\">Pagination<\/h2>\n                    <div class=\"nav-links\">\n                                        <\/div>\n                <\/nav>\n            <\/div>   <!--.col-md-12 -->\n              <\/div><!--.row -->\n              \n","protected":false},"excerpt":{"rendered":"","protected":false},"author":1,"featured_media":0,"parent":111,"menu_order":0,"comment_status":"closed","ping_status":"closed","template":"","meta":{"footnotes":""},"class_list":["post-112","page","type-page","status-publish","hentry"],"_links":{"self":[{"href":"https:\/\/iicrabat.esteri.it\/fr\/wp-json\/wp\/v2\/pages\/112","targetHints":{"allow":["GET"]}}],"collection":[{"href":"https:\/\/iicrabat.esteri.it\/fr\/wp-json\/wp\/v2\/pages"}],"about":[{"href":"https:\/\/iicrabat.esteri.it\/fr\/wp-json\/wp\/v2\/types\/page"}],"author":[{"embeddable":true,"href":"https:\/\/iicrabat.esteri.it\/fr\/wp-json\/wp\/v2\/users\/1"}],"replies":[{"embeddable":true,"href":"https:\/\/iicrabat.esteri.it\/fr\/wp-json\/wp\/v2\/comments?post=112"}],"version-history":[{"count":3,"href":"https:\/\/iicrabat.esteri.it\/fr\/wp-json\/wp\/v2\/pages\/112\/revisions"}],"predecessor-version":[{"id":4058,"href":"https:\/\/iicrabat.esteri.it\/fr\/wp-json\/wp\/v2\/pages\/112\/revisions\/4058"}],"up":[{"embeddable":true,"href":"https:\/\/iicrabat.esteri.it\/fr\/wp-json\/wp\/v2\/pages\/111"}],"wp:attachment":[{"href":"https:\/\/iicrabat.esteri.it\/fr\/wp-json\/wp\/v2\/media?parent=112"}],"curies":[{"name":"wp","href":"https:\/\/api.w.org\/{rel}","templated":true}]}}