{"id":108,"date":"2023-04-03T20:56:23","date_gmt":"2023-04-03T19:56:23","guid":{"rendered":"https:\/\/iicrabat.esteri.it\/lingua-e-cultura\/studiare-in-italia\/"},"modified":"2023-09-14T11:58:03","modified_gmt":"2023-09-14T10:58:03","slug":"studiare-in-italia","status":"publish","type":"page","link":"https:\/\/iicrabat.esteri.it\/fr\/lingua-e-cultura\/studiare-in-italia\/","title":{"rendered":"\u00c9tudier en Italie"},"content":{"rendered":"<p>Offres de logements dans les r\u00e9sidences universitaires:<br \/>\nLa plupart des universit\u00e9s italiennes pr\u00e9vient\u00a0 des campus. Il est toutefois possible\u00a0de compter sur les disponibilit\u00e9s\u00a0 de la\u00a0<em>Conferenza dei Collegi Universitari<\/em>\u00a0(CCU,\u00a0<a href=\"http:\/\/www.collegiuniversitari.it\/\">www.collegiuniversitari.it<\/a>\u00a0\u00a0)\u00a0reconnus par le\u00a0MIUR., Minist\u00e8re pou l&rsquo;instuction et l&rsquo;Universit\u00e9\u00a0 italien.<br \/>\nCes\u00a0r\u00e9sidences, localis\u00e9es en 14 villes italiennes, offrent des possibilit\u00e9s de s\u00e9jour comp\u00e9titives selon le rapport qualit\u00e9\/prix.<\/p>\n","protected":false},"excerpt":{"rendered":"Offres de logements dans les r\u00e9sidences universitaires: La plupart des universit\u00e9s italiennes pr\u00e9vient\u00a0 des campus. Il est toutefois possible\u00a0de compter sur les disponibilit\u00e9s\u00a0 de la\u00a0Conferenza dei Collegi Universitari\u00a0(CCU,\u00a0www.collegiuniversitari.it\u00a0\u00a0)\u00a0reconnus par le\u00a0MIUR., Minist\u00e8re pou l&rsquo;instuction et l&rsquo;Universit\u00e9\u00a0 italien. Ces\u00a0r\u00e9sidences, localis\u00e9es en 14 villes italiennes, offrent des possibilit\u00e9s de s\u00e9jour comp\u00e9titives selon le rapport qualit\u00e9\/prix.","protected":false},"author":1,"featured_media":0,"parent":104,"menu_order":8,"comment_status":"closed","ping_status":"closed","template":"","meta":{"footnotes":""},"class_list":["post-108","page","type-page","status-publish","hentry"],"_links":{"self":[{"href":"https:\/\/iicrabat.esteri.it\/fr\/wp-json\/wp\/v2\/pages\/108","targetHints":{"allow":["GET"]}}],"collection":[{"href":"https:\/\/iicrabat.esteri.it\/fr\/wp-json\/wp\/v2\/pages"}],"about":[{"href":"https:\/\/iicrabat.esteri.it\/fr\/wp-json\/wp\/v2\/types\/page"}],"author":[{"embeddable":true,"href":"https:\/\/iicrabat.esteri.it\/fr\/wp-json\/wp\/v2\/users\/1"}],"replies":[{"embeddable":true,"href":"https:\/\/iicrabat.esteri.it\/fr\/wp-json\/wp\/v2\/comments?post=108"}],"version-history":[{"count":3,"href":"https:\/\/iicrabat.esteri.it\/fr\/wp-json\/wp\/v2\/pages\/108\/revisions"}],"predecessor-version":[{"id":363,"href":"https:\/\/iicrabat.esteri.it\/fr\/wp-json\/wp\/v2\/pages\/108\/revisions\/363"}],"up":[{"embeddable":true,"href":"https:\/\/iicrabat.esteri.it\/fr\/wp-json\/wp\/v2\/pages\/104"}],"wp:attachment":[{"href":"https:\/\/iicrabat.esteri.it\/fr\/wp-json\/wp\/v2\/media?parent=108"}],"curies":[{"name":"wp","href":"https:\/\/api.w.org\/{rel}","templated":true}]}}