{"id":107,"date":"2023-04-03T20:56:11","date_gmt":"2023-04-03T19:56:11","guid":{"rendered":"https:\/\/iicrabat.esteri.it\/lingua-e-cultura\/certificazioni\/"},"modified":"2026-05-06T12:43:01","modified_gmt":"2026-05-06T11:43:01","slug":"certificazioni","status":"publish","type":"page","link":"https:\/\/iicrabat.esteri.it\/fr\/lingua-e-cultura\/certificazioni\/","title":{"rendered":"Certifications"},"content":{"rendered":"<p><strong>La Certification de l&rsquo;Italien comme langue \u00e9trang\u00e8re.<\/strong><\/p>\n<p><strong>L&rsquo;Institut culturel italien de Rabat est le seul organisme au Maroc affili\u00e9 \u00e0 l&rsquo;Universit\u00e9 pour Etrangers de Sienne pour l&rsquo;administration des examens en vue de l&rsquo;obtention du CILS &#8211; Certification de l&rsquo;italien comme langue \u00e9trang\u00e8re.<\/strong><\/p>\n<p>Les Certifications d&rsquo;Italien sont des titres qui attestent et certifient le niveau de langue italienne comme lange \u00e9trang\u00e8re. Il sont destin\u00e9s \u00e0 tous les ressortissants \u00e9trangers, les ressortissants italiens r\u00e9sidant \u00e0 l&rsquo;\u00e9tranger (descendants d&rsquo;\u00e9migr\u00e9s italiens) et aux \u00e9migr\u00e9s \u00e9trangers r\u00e9sidant en Italie.<\/p>\n<p>Pour participer aux \u00e9preuves, il n&rsquo;est pas n\u00e9cessaire d&rsquo;avoir un niveau d&rsquo;\u00e9tudes sp\u00e9cifique.<\/p>\n<p>Pour que les Istituti Italiani di Cultura puissent assurer les \u00e9preuves, le Minist\u00e8re Italien des Affaires Etrang\u00e8res a stipul\u00e9 des conventions avec les institutions suivantes:<\/p>\n<p><strong>Universit\u00e9 pour Etrangers de Sienne (CILS)<\/strong><\/p>\n<p>Universit\u00e9 pour Etrangers de P\u00e9rouse (CELI \u2013 CIC)<\/p>\n<p>Universit\u00e9 Roma Tre (IT &#8211; ele.IT)<\/p>\n<p>Societ\u00e0 Dante Alighieri (PLIDA)<\/p>\n<p>&gt;&gt;&gt; Les Certifications des 4 Universit\u00e9s sont associ\u00e9es sous CLIQ Certificazione Lingua Italiana di Qualit\u00e0<\/p>\n<p>L\u2019Istituto Italiano di Cultura \u00e0 Rabat, unique si\u00e8ge autoris\u00e9 au Maroc, offre la possibilit\u00e9 d\u2019obtenir le Certificat de l&rsquo;Italien langue etrang\u00e8re (CILS) de l\u2019Universit\u00e9 pour \u00e9trangers de Sienne. L\u2019examen CILS a lieu tous les ans en juin et d\u00e9cembre \u00e0 l\u2019Istituto.<\/p>\n<p>Pour des informations plus d\u00e9taill\u00e9es, veuillez consulter les <a href=\"https:\/\/cils.unistrasi.it\/public\/articoli\/52\/Linee_guida_cils_pdf.pdf\">lignes directrices de la Certification CILS.<\/a><\/p>\n<p>Prochaines sessions CILS:<strong>\u00a0<\/strong><\/p>\n<p><b>1) Session 04 d\u00e9cembre 2025: il est possible de s&rsquo;inscrire jusqu&rsquo;au 25 octobre 2025 \u00e0 23:59 (<span style=\"text-decoration: underline;\">mise \u00e0 jour: prolongation des inscription jusqu&rsquo;au 02 novembre 2025 &#8211; heure italienne<\/span>).<\/b><\/p>\n<p><strong>2) Session 16 juin 2026: il est possible de s&rsquo;inscrire jusqu&rsquo;au 07 mai 2026 \u00e0 23:59 <b>(<span style=\"text-decoration: underline;\">mise \u00e0 jour: prolongation des inscription jusqu&rsquo;au 12 mai 2026 &#8211; heure italienne<\/span>).<\/b>.<\/strong><\/p>\n<p><strong>3) <\/strong><strong>Session 03 d\u00e9cembre 2026: il est possible de s&rsquo;inscrire jusqu&rsquo;au 24 octobre 2026 \u00e0 23:59 (heure Italienne).<\/strong><\/p>\n<p><strong>Inscriptions doivent \u00eatre effectu\u00e9es au moins 40 jours \u00e0 l&rsquo;avance\u00a0aupr\u00e8s de l&rsquo;Institut Culturel Italien de Rabat \u2013 t\u00e9l.0537 76 68 26\/47<\/strong><strong>\u2013 E-mail:\u00a0<a href=\"mailto:amministrazione.iicrabat@esteri.it\">amministrazione.iicrabat@esteri.it<\/a><\/strong><\/p>\n<p><span style=\"text-decoration: underline;\"><strong>L&rsquo;horaire d&rsquo;ouverture au public pour l&rsquo;inscription \u00e0 la session d&rsquo;examen CILS est du lundi au jeudi de 10h00 \u00e0 15h00 et le vendredi de 10h00 \u00e0 13h00<\/strong><\/span><\/p>\n<p><img decoding=\"async\" src=\"https:\/\/iicrabat.esteri.it\/wp-content\/uploads\/2025\/04\/cils-300x214.png\" \/><\/p>\n<p>Pour formaliser l&rsquo;adh\u00e9sion, les candidats doivent se pr\u00e9senter au si\u00e8ge de cet Institut (2 bis, Avenue Ahmed El Yazidi Quartier Hassan-Rabat) munis des pi\u00e8ces suivantes :<\/p>\n<p>-CINE en original ou permis de s\u00e9jour valable pour les \u00e9trangers r\u00e9sidant au Maroc ;<\/p>\n<p>&#8211; Formulaire d\u00fbment compl\u00e9t\u00e9 en lettres majuscules (il sera remis directement en main propre);<\/p>\n<p>-Une fois l&rsquo;adh\u00e9sion r\u00e9serv\u00e9e et apr\u00e8s avoir re\u00e7u la confirmation de l&rsquo;administration concernant la disponibilit\u00e9 de l&rsquo;activation de la session, il est n\u00e9cessaire d&rsquo;effectuer le paiement demand\u00e9 en MAD (motif : examens CILS) dans une agence du Cr\u00e9dit du Maroc au profit de l&rsquo;I<strong>nstitut Culturel Italien de Rabat\u00a0(Banque : CREDIT DU MAROC, RIB : 021 810 0000 035 005 40 110 7 40)<\/strong>\u00a0en indiquant vos nom et pr\u00e9nom et votre num\u00e9ro CIN ;<\/p>\n<p>-Une fois le paiement demand\u00e9 effectu\u00e9, il est n\u00e9cessaire de remettre l&rsquo;original du re\u00e7u de paiement de la taxe d&rsquo;examen ;<\/p>\n<p>-Apr\u00e8s v\u00e9rification de la r\u00e9gularit\u00e9 du paiement, un re\u00e7u d&rsquo;inscription vous sera d\u00e9livr\u00e9 selon la date de la session choisie.<\/p>\n","protected":false},"excerpt":{"rendered":"La Certification de l&rsquo;Italien comme langue \u00e9trang\u00e8re. L&rsquo;Institut culturel italien de Rabat est le seul organisme au Maroc affili\u00e9 \u00e0 l&rsquo;Universit\u00e9 pour Etrangers de Sienne pour l&rsquo;administration des examens en vue de l&rsquo;obtention du CILS &#8211; Certification de l&rsquo;italien comme langue \u00e9trang\u00e8re. Les Certifications d&rsquo;Italien sont des titres qui attestent et certifient le niveau de [&hellip;]","protected":false},"author":1,"featured_media":4841,"parent":104,"menu_order":4,"comment_status":"closed","ping_status":"closed","template":"","meta":{"footnotes":""},"class_list":["post-107","page","type-page","status-publish","has-post-thumbnail","hentry"],"_links":{"self":[{"href":"https:\/\/iicrabat.esteri.it\/fr\/wp-json\/wp\/v2\/pages\/107","targetHints":{"allow":["GET"]}}],"collection":[{"href":"https:\/\/iicrabat.esteri.it\/fr\/wp-json\/wp\/v2\/pages"}],"about":[{"href":"https:\/\/iicrabat.esteri.it\/fr\/wp-json\/wp\/v2\/types\/page"}],"author":[{"embeddable":true,"href":"https:\/\/iicrabat.esteri.it\/fr\/wp-json\/wp\/v2\/users\/1"}],"replies":[{"embeddable":true,"href":"https:\/\/iicrabat.esteri.it\/fr\/wp-json\/wp\/v2\/comments?post=107"}],"version-history":[{"count":8,"href":"https:\/\/iicrabat.esteri.it\/fr\/wp-json\/wp\/v2\/pages\/107\/revisions"}],"predecessor-version":[{"id":7955,"href":"https:\/\/iicrabat.esteri.it\/fr\/wp-json\/wp\/v2\/pages\/107\/revisions\/7955"}],"up":[{"embeddable":true,"href":"https:\/\/iicrabat.esteri.it\/fr\/wp-json\/wp\/v2\/pages\/104"}],"wp:featuredmedia":[{"embeddable":true,"href":"https:\/\/iicrabat.esteri.it\/fr\/wp-json\/wp\/v2\/media\/4841"}],"wp:attachment":[{"href":"https:\/\/iicrabat.esteri.it\/fr\/wp-json\/wp\/v2\/media?parent=107"}],"curies":[{"name":"wp","href":"https:\/\/api.w.org\/{rel}","templated":true}]}}