{"id":106,"date":"2023-04-03T20:55:55","date_gmt":"2023-04-03T19:55:55","guid":{"rendered":"https:\/\/iicrabat.esteri.it\/lingua-e-cultura\/borse-di-studio\/"},"modified":"2023-09-11T16:20:44","modified_gmt":"2023-09-11T15:20:44","slug":"borse-di-studio","status":"publish","type":"page","link":"https:\/\/iicrabat.esteri.it\/fr\/lingua-e-cultura\/borse-di-studio\/","title":{"rendered":"Bourses"},"content":{"rendered":"<p>A la fin de chaque ann\u00e9e scolaire, \u00e9ventuellement une bourse d&rsquo;\u00e9tude peut \u00eatre offerte par des organismes italiens et propos\u00e9e par l&rsquo;Institut aux \u00e9tudiants qui envisagent perfectionner la langue italienne en Italie. La bourse consiste dans la gratuit\u00e9 de l&rsquo;inscription aux cours en Italie ou dans une r\u00e9duction des frais d&rsquo;inscription. Les frais de voyage et de s\u00e9jour sont \u00e0 la la charge d&rsquo;e l&rsquo;\u00e9tudiant.<\/p>\n","protected":false},"excerpt":{"rendered":"A la fin de chaque ann\u00e9e scolaire, \u00e9ventuellement une bourse d&rsquo;\u00e9tude peut \u00eatre offerte par des organismes italiens et propos\u00e9e par l&rsquo;Institut aux \u00e9tudiants qui envisagent perfectionner la langue italienne en Italie. La bourse consiste dans la gratuit\u00e9 de l&rsquo;inscription aux cours en Italie ou dans une r\u00e9duction des frais d&rsquo;inscription. Les frais de voyage [&hellip;]","protected":false},"author":1,"featured_media":0,"parent":104,"menu_order":2,"comment_status":"closed","ping_status":"closed","template":"","meta":{"footnotes":""},"class_list":["post-106","page","type-page","status-publish","hentry"],"_links":{"self":[{"href":"https:\/\/iicrabat.esteri.it\/fr\/wp-json\/wp\/v2\/pages\/106","targetHints":{"allow":["GET"]}}],"collection":[{"href":"https:\/\/iicrabat.esteri.it\/fr\/wp-json\/wp\/v2\/pages"}],"about":[{"href":"https:\/\/iicrabat.esteri.it\/fr\/wp-json\/wp\/v2\/types\/page"}],"author":[{"embeddable":true,"href":"https:\/\/iicrabat.esteri.it\/fr\/wp-json\/wp\/v2\/users\/1"}],"replies":[{"embeddable":true,"href":"https:\/\/iicrabat.esteri.it\/fr\/wp-json\/wp\/v2\/comments?post=106"}],"version-history":[{"count":3,"href":"https:\/\/iicrabat.esteri.it\/fr\/wp-json\/wp\/v2\/pages\/106\/revisions"}],"predecessor-version":[{"id":200,"href":"https:\/\/iicrabat.esteri.it\/fr\/wp-json\/wp\/v2\/pages\/106\/revisions\/200"}],"up":[{"embeddable":true,"href":"https:\/\/iicrabat.esteri.it\/fr\/wp-json\/wp\/v2\/pages\/104"}],"wp:attachment":[{"href":"https:\/\/iicrabat.esteri.it\/fr\/wp-json\/wp\/v2\/media?parent=106"}],"curies":[{"name":"wp","href":"https:\/\/api.w.org\/{rel}","templated":true}]}}