{"id":104,"date":"2023-04-03T20:30:34","date_gmt":"2023-04-03T19:30:34","guid":{"rendered":"https:\/\/iicrabat.esteri.it\/lingua-e-cultura\/"},"modified":"2023-09-11T16:13:41","modified_gmt":"2023-09-11T15:13:41","slug":"lingua-e-cultura","status":"publish","type":"page","link":"https:\/\/iicrabat.esteri.it\/fr\/lingua-e-cultura\/","title":{"rendered":"Langue et culture"},"content":{"rendered":"<p><span class=\"titoloRosso\"><img loading=\"lazy\" decoding=\"async\" class=\"alignleft  wp-image-192 img-fluid\" src=\"https:\/\/iicrabat.esteri.it\/wp-content\/uploads\/2023\/09\/imparare-litaliano-300x158.png\" alt=\"\" width=\"336\" height=\"177\" srcset=\"https:\/\/iicrabat.esteri.it\/wp-content\/uploads\/2023\/09\/imparare-litaliano-300x158.png 300w, https:\/\/iicrabat.esteri.it\/wp-content\/uploads\/2023\/09\/imparare-litaliano-1024x538.png 1024w, https:\/\/iicrabat.esteri.it\/wp-content\/uploads\/2023\/09\/imparare-litaliano-768x403.png 768w, https:\/\/iicrabat.esteri.it\/wp-content\/uploads\/2023\/09\/imparare-litaliano.png 1139w\" sizes=\"auto, (max-width: 336px) 100vw, 336px\" \/><\/span><\/p>\n<p><span class=\"titoloRosso\">L&rsquo;ITALIEN<strong class=\"titoloRosso\">:\u00a0<\/strong><\/span><span style=\"color: #ff0000;\"><strong class=\"titoloRosso\">la langue d&rsquo;un pays, d&rsquo;une culture.<\/strong><\/span><\/p>\n<p><span style=\"color: #ff0000;\"><strong>Chaque ann\u00e9e,\u00a0un demi-million d\u2019\u00e9tudiants<br \/>\nfr\u00e9quentent les cours de langue italienne en dehors de l\u2019Italie,<br \/>\ndans tous les pays du monde.<\/strong><\/span><\/p>\n<p>Pourquoi apprennent-ils l\u2019italien?<\/p>\n<p><strong>L\u2019italien est une langue de culture.<\/strong>\u00a0Apprendre l\u2019italien signifie avoir acc\u00e8s \u00e0 un patrimoine litt\u00e9raire d\u2019importance fondamentale pour l\u2019histoire de l\u2019Europe, \u00e0 des textes litt\u00e9raires et scientifiques d\u2019une valeur certaine, aux \u0153uvres th\u00e9\u00e2trales, musicales, cin\u00e9matographiques italiennes.<\/p>\n<p><strong>L\u2019italien est une langue d\u2019\u00e9tude.<\/strong>\u00a0Plusieurs \u00e9tudiants d\u00e9cident, chaque ann\u00e9e, de fr\u00e9quenter nos Ecoles, nos Universit\u00e9s, nos Acad\u00e9mies, nos Biblioth\u00e8ques. Ceci repr\u00e9sente une grande opportunit\u00e9 pour tous ceux qui souhaitent poursuivre leur formation universitaire en Italie.<\/p>\n<p><strong>L\u2019italien est une langue de travail.\u00a0<\/strong>\u00a0Des Managers, des investisseurs, des\u00a0techniciens, des ouvriers et des travailleurs entrent en contact avec le monde industriel et artisanal italien qui franchit les fronti\u00e8res de notre pays.<\/p>\n<p>Et\u00a0<strong>en parlant italien,<\/strong>\u00a0on se fait un plaisir authentique que de visiter notre pays et sa population ouverte et accueillante parmi les villes d\u2019art et les merveilles de la nature.<\/p>\n<p><em><span class=\"titoloRosso\"><br \/>\n<\/span><\/em><span class=\"titoloRosso\"><span class=\"titoloCategoria\">Bien conna\u00eetre l&rsquo;Italien est une condition d\u00e9terminante pour passer des longs s\u00e9jours en Italie.<\/span><\/span><\/p>\n<p>Ceux qui souhaitent s&rsquo;inscrire \u00e0 l&rsquo;<strong>Universit\u00e9 en Italie<\/strong>\u00a0doivent avoir une connaissance suffisante da la langue italienne. Les conditions d\u2019inscription compl\u00e8tes sont disponibles sur le portail du Minist\u00e8re italien de l\u2019Education, des Universit\u00e9s et de la Recherche. (<a href=\"https:\/\/iicrabat.esteri.it\/IIC_Rabat\/resource\/doc\/2019\/04\/circolare_2019_2020.pdf\"><strong>LINK<\/strong><\/a>).<\/p>\n<p><strong>Les \u00e9tudiants sont \u00e9galement inform\u00e9s que la participation aux cours d&rsquo;italien ou la possession d&rsquo;un certificat ou d&rsquo;un dipl\u00f4me attestant leur connaissance de la langue italienne, \u00e0 quelque niveau que ce soit, n&rsquo;implique pas automatiquement le droit d&rsquo;obtenir un visa d&rsquo;inscription \u00e0 l&rsquo;universit\u00e9. Pour toute information concernant les conditions pour l\u2019obtention d&rsquo;un visa d&rsquo;entr\u00e9e en Italie, les seuls bureaux comp\u00e9tents au Maroc sont le Consulat G\u00e9n\u00e9ral d&rsquo;Italie \u00e0 Casablanca (<a href=\"https:\/\/conscasablanca.esteri.it\/consolato_casablanca\/it\/i_servizi\/per_chi_si_reca_in_italia\/\">Site Web<\/a>) et le Bureau Consulaire \u00e0 Rabat (<a href=\"https:\/\/ambrabat.esteri.it\/ambasciata_rabat\/it\/informazioni_e_servizi\/servizi_consolari\/studi\">Site Web<\/a>). Nous vous conseillons de toujours consulter les sites concern\u00e9s pour vous tenir au courant des dispositions consulaires susceptibles de varier.<\/strong><\/p>\n<p><span class=\"titoloCategoria\"><span class=\"titoloRosso\">\u00a0<\/span><\/span>Pourquoi \u00e9tudier l\u2019italien \u00e0\u00a0<em>l\u2019Istituto Italiano di Cultura<\/em> de\u00a0Rabat?<\/p>\n<p>Parce que<br \/>\n1. l\u2019IIC offre la garantie d\u2019\u00eatre un bureau du Gouvernement italien avec la mission de promouvoir et de diffuser la langue et la culture italienne;<br \/>\n2. C\u2019est une institution de l\u2019Etat Italien, Service culturel de l&rsquo;Ambassade d&rsquo;Italie au Maroc,\u00a0et l\u2019Institut assiste les \u00e9tudiants issus de ses cours pour la pr\u00e9sentation aupr\u00e8s des services consulaires des documents relatifs \u00e0 l\u2019inscription aux\u00a0universit\u00e9s italiennes;<br \/>\n3. Il offre une gamme compl\u00e8te et articul\u00e9e de cours de langue italienne repartis en six niveaux suivant le Cadre Commun Europ\u00e9en de r\u00e9f\u00e9rence pour l&rsquo;apprentissage des langues \u00e9tabli par le Conseil d&rsquo;Europe;<br \/>\n4. Les enseignants de l\u2019IIC sont de langue maternelle aussi bien que des enseignants marocains sp\u00e9cialis\u00e9s dans l\u2019apprentissage de l\u2019italien langue \u00e9trang\u00e8re<br \/>\n5.C\u2019est le seul centre au Maroc qui offre des cours de pr\u00e9paration pour l\u2019obtention du Certificat de Connaissance de la Langue Italienne C.I.L.S. d\u00e9livr\u00e9 par l\u2019Universit\u00e9 de Sienne<br \/>\n6. Il propose, \u00e0 cot\u00e9 des cours de langue, aussi bien des cours de conversation, lecture, litt\u00e9rature, musique, ateliers;<br \/>\n7. l\u2019IIC met \u00e0 disposition des bourses d\u2019\u00e9tudes pour l\u2019Italie;<br \/>\n8. Les \u00e9tudiants inscrits aux cours de langue peuvent acc\u00e9der gratuitement \u00e0 la m\u00e9diath\u00e8que \u00abEdmondo De Amicis \u00bb en langue italienne (livres,\u00a0dictionnaires, dvd, CD de musique, magazines, acc\u00e8s au wi -fi). En classe,\u00a0ils ont droit au manuel scolaire Rete ! du niveau suivi ;<br \/>\n9. L\u2019Institut Culturel Italien organise des \u00e9v\u00e9nements culturels ouverts \u00e9galement aux \u00e9tudiants.<\/p>\n","protected":false},"excerpt":{"rendered":"L&rsquo;ITALIEN:\u00a0la langue d&rsquo;un pays, d&rsquo;une culture. Chaque ann\u00e9e,\u00a0un demi-million d\u2019\u00e9tudiants fr\u00e9quentent les cours de langue italienne en dehors de l\u2019Italie, dans tous les pays du monde. Pourquoi apprennent-ils l\u2019italien? L\u2019italien est une langue de culture.\u00a0Apprendre l\u2019italien signifie avoir acc\u00e8s \u00e0 un patrimoine litt\u00e9raire d\u2019importance fondamentale pour l\u2019histoire de l\u2019Europe, \u00e0 des textes litt\u00e9raires et scientifiques [&hellip;]","protected":false},"author":1,"featured_media":0,"parent":0,"menu_order":4,"comment_status":"closed","ping_status":"closed","template":"","meta":{"footnotes":""},"class_list":["post-104","page","type-page","status-publish","hentry"],"_links":{"self":[{"href":"https:\/\/iicrabat.esteri.it\/fr\/wp-json\/wp\/v2\/pages\/104","targetHints":{"allow":["GET"]}}],"collection":[{"href":"https:\/\/iicrabat.esteri.it\/fr\/wp-json\/wp\/v2\/pages"}],"about":[{"href":"https:\/\/iicrabat.esteri.it\/fr\/wp-json\/wp\/v2\/types\/page"}],"author":[{"embeddable":true,"href":"https:\/\/iicrabat.esteri.it\/fr\/wp-json\/wp\/v2\/users\/1"}],"replies":[{"embeddable":true,"href":"https:\/\/iicrabat.esteri.it\/fr\/wp-json\/wp\/v2\/comments?post=104"}],"version-history":[{"count":5,"href":"https:\/\/iicrabat.esteri.it\/fr\/wp-json\/wp\/v2\/pages\/104\/revisions"}],"predecessor-version":[{"id":197,"href":"https:\/\/iicrabat.esteri.it\/fr\/wp-json\/wp\/v2\/pages\/104\/revisions\/197"}],"wp:attachment":[{"href":"https:\/\/iicrabat.esteri.it\/fr\/wp-json\/wp\/v2\/media?parent=104"}],"curies":[{"name":"wp","href":"https:\/\/api.w.org\/{rel}","templated":true}]}}