{"id":100,"date":"2023-04-03T20:29:59","date_gmt":"2023-04-03T19:29:59","guid":{"rendered":"https:\/\/iicrabat.esteri.it\/chi-siamo\/"},"modified":"2023-09-14T10:09:44","modified_gmt":"2023-09-14T09:09:44","slug":"chi-siamo","status":"publish","type":"page","link":"https:\/\/iicrabat.esteri.it\/fr\/chi-siamo\/","title":{"rendered":"Qui sommes-nous"},"content":{"rendered":"<p><span class=\"titoloRosso\"><em><strong>L&rsquo;Institut Culturel Italien de Rabat<\/strong>\u00a0est un organisme du Minist\u00e8re italien des Affaires Etrang\u00e8res et de la Coop\u00e9ration Internationale, charg\u00e9 de diffuser et de promouvoir la langue et la culture italiennes. Parmi ses principaux objectifs se trouvent l&rsquo;organisation de cours de langue et de culture italiennes et la r\u00e9alisation d&rsquo;initiatives culturelles qui ont pour th\u00e8me l&rsquo;Italie, sa vie culturelle, artistique et scientifique.<\/em><\/span><\/p>\n<p>L\u2019Institut Culturel Italien de Rabat propose au public les services suivants:<\/p>\n<p>&#8211; des cours de langue et culture italiennes donn\u00e9s par des enseignants;<\/p>\n<p>&#8211; deux sessions annuelles d\u2019examens pour obtenir la Certification d\u2019Italien comme Langue Etrang\u00e8re d\u00e9livr\u00e9e par l&rsquo;Universit\u00e9s pour Etrangers de Sienne;<\/p>\n<p>&#8211; une biblioth\u00e8que Italienne \u00e0 la disposition du public pour la consultation et le pr\u00eat de livres et de revues italiens;<\/p>\n<p>&#8211; un service d\u2019information et de documentation sur l\u2019Italie dans le domaine culturel.<\/p>\n","protected":false},"excerpt":{"rendered":"L&rsquo;Institut Culturel Italien de Rabat\u00a0est un organisme du Minist\u00e8re italien des Affaires Etrang\u00e8res et de la Coop\u00e9ration Internationale, charg\u00e9 de diffuser et de promouvoir la langue et la culture italiennes. Parmi ses principaux objectifs se trouvent l&rsquo;organisation de cours de langue et de culture italiennes et la r\u00e9alisation d&rsquo;initiatives culturelles qui ont pour th\u00e8me l&rsquo;Italie, [&hellip;]","protected":false},"author":1,"featured_media":0,"parent":0,"menu_order":2,"comment_status":"closed","ping_status":"closed","template":"","meta":{"footnotes":""},"class_list":["post-100","page","type-page","status-publish","hentry"],"_links":{"self":[{"href":"https:\/\/iicrabat.esteri.it\/fr\/wp-json\/wp\/v2\/pages\/100","targetHints":{"allow":["GET"]}}],"collection":[{"href":"https:\/\/iicrabat.esteri.it\/fr\/wp-json\/wp\/v2\/pages"}],"about":[{"href":"https:\/\/iicrabat.esteri.it\/fr\/wp-json\/wp\/v2\/types\/page"}],"author":[{"embeddable":true,"href":"https:\/\/iicrabat.esteri.it\/fr\/wp-json\/wp\/v2\/users\/1"}],"replies":[{"embeddable":true,"href":"https:\/\/iicrabat.esteri.it\/fr\/wp-json\/wp\/v2\/comments?post=100"}],"version-history":[{"count":4,"href":"https:\/\/iicrabat.esteri.it\/fr\/wp-json\/wp\/v2\/pages\/100\/revisions"}],"predecessor-version":[{"id":317,"href":"https:\/\/iicrabat.esteri.it\/fr\/wp-json\/wp\/v2\/pages\/100\/revisions\/317"}],"wp:attachment":[{"href":"https:\/\/iicrabat.esteri.it\/fr\/wp-json\/wp\/v2\/media?parent=100"}],"curies":[{"name":"wp","href":"https:\/\/api.w.org\/{rel}","templated":true}]}}